{"id":53,"date":"2020-03-02T17:47:50","date_gmt":"2020-03-02T17:47:50","guid":{"rendered":"http:\/\/idpguate.com\/?page_id=53"},"modified":"2020-03-02T18:45:28","modified_gmt":"2020-03-02T18:45:28","slug":"supervisor-general","status":"publish","type":"page","link":"https:\/\/idpguate.com\/?page_id=53","title":{"rendered":"Supervisor General"},"content":{"rendered":"\n<figure class=\"wp-block-image size-large\"><img loading=\"lazy\" decoding=\"async\" width=\"350\" height=\"306\" src=\"http:\/\/idpguate.com\/wp-content\/uploads\/2020\/03\/sam-clements.png\" alt=\"\" class=\"wp-image-54\" srcset=\"https:\/\/idpguate.com\/wp-content\/uploads\/2020\/03\/sam-clements.png 350w, https:\/\/idpguate.com\/wp-content\/uploads\/2020\/03\/sam-clements-300x262.png 300w\" sizes=\"(max-width: 350px) 100vw, 350px\" \/><\/figure>\n\n\n\n<p>El obispo Sam N. Clements naci\u00f3 el 4 de agosto de 1942, en Stewart County, en el nordeste de Tenes\u00ed. Creci\u00f3 en una peque\u00f1a granja, y conoce perfectamente las luchas de una vida rural en Tenes\u00ed. A los 12 a\u00f1os de edad, acept\u00f3 a Jesucristo como su Se\u00f1or y Salvador, y se hizo miembro de la Iglesia de Dios de la Profec\u00eda en 1955.<\/p>\n\n\n\n<p>\u00c9l acept\u00f3 el llamado al servicio cristiano de tiempo completo en 1962, obtuvo su licencia como ministro el a\u00f1o siguiente y fue ordenado como obispo en 1972. Adem\u00e1s de sus 28 a\u00f1os de ministerio pastoral, \u00e9l fue nombrado supervisor estatal de Arkansas\/Oklahoma, y despu\u00e9s de Carolina del Norte los a\u00f1os 1993-2000. Bajo la recomendaci\u00f3n de sus colegas y tras la aprobaci\u00f3n del Presbiterio Internacional en su totalidad, sirvi\u00f3 como presb\u00edtero general de Norteam\u00e9rica por 14 a\u00f1os (2000-2014). \u00c9l tiene amplia experiencia trabajando con comit\u00e9s y juntas directivas regionales, estatales e internacionales y ha viajado a lo largo de los Estados Unidos, Canad\u00e1 y fuera de Norteam\u00e9rica, en el Caribe, Centroam\u00e9rica, Europa Oriental y Sudam\u00e9rica. \u00c9l complet\u00f3 sus estudios en el Instituto para el Entrenamiento B\u00edblico y recibi\u00f3 un doctorado honor\u00edfico de Kingsbury Bible College en Florida.<\/p>\n\n\n\n<p>Durante la 98va Asamblea Internacional, el obispo Clements fue aceptado como supervisor general bajo \u201ccom\u00fan acuerdo\u201d, tras ser identificado como un \u201cl\u00edder de l\u00edderes\u201d mediante el mover del Esp\u00edritu Santo y bajo el consenso del Presbiterio Internacional. Su pasi\u00f3n es predicar el evangelio de Jesucristo y guiar a la Iglesia de Dios de la Profec\u00eda en cumplir con la Gran Comisi\u00f3n a mayor escala. El obispo Clements reside en Cleveland, TN con su esposa, Linda Cathey Clements (casados 1961). Fueron bendecidos con tres hijos: Greg, Gary (fallecido) y Gerald; y tienen tres hermosas nueras y siete nietos.<\/p>\n\n\n\n<figure class=\"wp-block-image size-large\"><img loading=\"lazy\" decoding=\"async\" width=\"960\" height=\"781\" src=\"http:\/\/idpguate.com\/wp-content\/uploads\/2020\/03\/sam-clements2.jpg\" alt=\"\" class=\"wp-image-55\" srcset=\"https:\/\/idpguate.com\/wp-content\/uploads\/2020\/03\/sam-clements2.jpg 960w, https:\/\/idpguate.com\/wp-content\/uploads\/2020\/03\/sam-clements2-300x244.jpg 300w, https:\/\/idpguate.com\/wp-content\/uploads\/2020\/03\/sam-clements2-768x625.jpg 768w\" sizes=\"(max-width: 960px) 100vw, 960px\" \/><\/figure>\n\n\n\n<h4 class=\"wp-block-heading\"><strong>PRESB\u00cdTEROS GENERALES<\/strong><\/h4>\n\n\n\n<p>Los presb\u00edteros generales proveen liderazgo a la iglesia a nivel mundial, seg\u00fan \u00e9sta cumple con su misi\u00f3n ordenada por Cristo. Ellos trabajan con el supervisor general, compartiendo con \u00e9l la responsabilidad del liderazgo al llevar a cabo funciones efectuadas por el supervisor general, desarrollando la visi\u00f3n, los procesos y planes para el cumplimiento de la misi\u00f3n de la iglesia. Los presb\u00edteros generales se mantienen al tanto de las necesidades internacionales de la iglesia con el prop\u00f3sito de facilitar el cumplimiento del mandato de evangelizaci\u00f3n mundial.<\/p>\n","protected":false},"excerpt":{"rendered":"<p>El obispo Sam N. Clements naci\u00f3 el 4 de agosto de 1942, en Stewart County, en el nordeste de Tenes\u00ed. Creci\u00f3 en una peque\u00f1a granja, y conoce perfectamente las luchas de una vida rural en Tenes\u00ed. A los 12 a\u00f1os de edad, acept\u00f3 a Jesucristo como su Se\u00f1or y Salvador, y se hizo miembro de [&hellip;]<\/p>\n","protected":false},"author":2,"featured_media":0,"parent":45,"menu_order":0,"comment_status":"closed","ping_status":"closed","template":"","meta":{"footnotes":""},"jetpack_sharing_enabled":true,"_links":{"self":[{"href":"https:\/\/idpguate.com\/index.php?rest_route=\/wp\/v2\/pages\/53"}],"collection":[{"href":"https:\/\/idpguate.com\/index.php?rest_route=\/wp\/v2\/pages"}],"about":[{"href":"https:\/\/idpguate.com\/index.php?rest_route=\/wp\/v2\/types\/page"}],"author":[{"embeddable":true,"href":"https:\/\/idpguate.com\/index.php?rest_route=\/wp\/v2\/users\/2"}],"replies":[{"embeddable":true,"href":"https:\/\/idpguate.com\/index.php?rest_route=%2Fwp%2Fv2%2Fcomments&post=53"}],"version-history":[{"count":1,"href":"https:\/\/idpguate.com\/index.php?rest_route=\/wp\/v2\/pages\/53\/revisions"}],"predecessor-version":[{"id":56,"href":"https:\/\/idpguate.com\/index.php?rest_route=\/wp\/v2\/pages\/53\/revisions\/56"}],"up":[{"embeddable":true,"href":"https:\/\/idpguate.com\/index.php?rest_route=\/wp\/v2\/pages\/45"}],"wp:attachment":[{"href":"https:\/\/idpguate.com\/index.php?rest_route=%2Fwp%2Fv2%2Fmedia&parent=53"}],"curies":[{"name":"wp","href":"https:\/\/api.w.org\/{rel}","templated":true}]}}