{"id":49,"date":"2020-03-02T17:45:49","date_gmt":"2020-03-02T17:45:49","guid":{"rendered":"http:\/\/idpguate.com\/?page_id=49"},"modified":"2020-03-02T18:45:36","modified_gmt":"2020-03-02T18:45:36","slug":"presbitero-general","status":"publish","type":"page","link":"https:\/\/idpguate.com\/?page_id=49","title":{"rendered":"Presb\u00edtero General"},"content":{"rendered":"\n<figure class=\"wp-block-image size-large\"><img loading=\"lazy\" decoding=\"async\" width=\"316\" height=\"316\" src=\"http:\/\/idpguate.com\/wp-content\/uploads\/2020\/03\/benjamin-feliz.jpg\" alt=\"\" class=\"wp-image-50\" srcset=\"https:\/\/idpguate.com\/wp-content\/uploads\/2020\/03\/benjamin-feliz.jpg 316w, https:\/\/idpguate.com\/wp-content\/uploads\/2020\/03\/benjamin-feliz-300x300.jpg 300w, https:\/\/idpguate.com\/wp-content\/uploads\/2020\/03\/benjamin-feliz-150x150.jpg 150w\" sizes=\"(max-width: 316px) 100vw, 316px\" \/><\/figure>\n\n\n\n<p>El Obispo Benjam\u00edn Feliz sirve como presb\u00edtero general para M\u00e9xico, Centroam\u00e9rica y el Caribe de habla hispana.<\/p>\n\n\n\n<p>Anteriormente sirvi\u00f3 como Director Mundial de Finanzas, Publicaciones y Administraci\u00f3n en la oficina internacional. Durante casi diez a\u00f1os sirvi\u00f3 como supervisor en la regi\u00f3n sureste hispana de los Estados Unidos.<\/p>\n\n\n\n<p>El hermano Feliz recibi\u00f3 su ordenaci\u00f3n al ministerio en 1993 y al obispado en el a\u00f1o 2000. Su experiencia ministerial previa incluye la direcci\u00f3n de ministerios nacionales de m\u00fasica en Chile y Nicaragua, ministerios de j\u00f3venes locales y regionales en los Estados Unidos y pastorados de tres Iglesias en los Estados Unidos.<\/p>\n\n\n\n<p>Adem\u00e1s de su ministerio en la Iglesia de Dios de la Profec\u00eda, el Obispo Benjam\u00edn Feliz sirvi\u00f3 en la Fraternidad de Concilios de Avivamiento como vice-presidente por cuatro a\u00f1os, entidad que luego presidi\u00f3 por tres a\u00f1os.<\/p>\n\n\n\n<p>El hermano Feliz posee licenciaturas en administraci\u00f3n de empresas y teolog\u00eda y una maestr\u00eda en Administraci\u00f3n de Empresas (MBA). En la actualidad est\u00e1 cursando una maestr\u00eda en ministerios en el seminario Gordon Conwell.<\/p>\n\n\n\n<p>Nacido en Santo Domingo, Republica Dominicana, ha viajado y vivido en varios pa\u00edses predicando y ense\u00f1ando la Palabra de Dios, plantando nuevas Iglesias y desarrollando lideres.<\/p>\n\n\n\n<p>\u00a0Reside en Cleveland, TN con su esposa Damaris y sus hijos Benjam\u00edn, Jr. y Leanna. El hermano Benjam\u00edn disfruta de la lectura de buenos libros, el futbol (soccer) y el tenis.<\/p>\n\n\n\n<figure class=\"wp-block-image size-large\"><img loading=\"lazy\" decoding=\"async\" width=\"960\" height=\"504\" src=\"http:\/\/idpguate.com\/wp-content\/uploads\/2020\/03\/benjamin-2.jpg\" alt=\"\" class=\"wp-image-51\" srcset=\"https:\/\/idpguate.com\/wp-content\/uploads\/2020\/03\/benjamin-2.jpg 960w, https:\/\/idpguate.com\/wp-content\/uploads\/2020\/03\/benjamin-2-300x158.jpg 300w, https:\/\/idpguate.com\/wp-content\/uploads\/2020\/03\/benjamin-2-768x403.jpg 768w\" sizes=\"(max-width: 960px) 100vw, 960px\" \/><\/figure>\n","protected":false},"excerpt":{"rendered":"<p>El Obispo Benjam\u00edn Feliz sirve como presb\u00edtero general para M\u00e9xico, Centroam\u00e9rica y el Caribe de habla hispana. Anteriormente sirvi\u00f3 como Director Mundial de Finanzas, Publicaciones y Administraci\u00f3n en la oficina internacional. Durante casi diez a\u00f1os sirvi\u00f3 como supervisor en la regi\u00f3n sureste hispana de los Estados Unidos. El hermano Feliz recibi\u00f3 su ordenaci\u00f3n al ministerio [&hellip;]<\/p>\n","protected":false},"author":2,"featured_media":0,"parent":45,"menu_order":1,"comment_status":"closed","ping_status":"closed","template":"","meta":{"footnotes":""},"jetpack_sharing_enabled":true,"_links":{"self":[{"href":"https:\/\/idpguate.com\/index.php?rest_route=\/wp\/v2\/pages\/49"}],"collection":[{"href":"https:\/\/idpguate.com\/index.php?rest_route=\/wp\/v2\/pages"}],"about":[{"href":"https:\/\/idpguate.com\/index.php?rest_route=\/wp\/v2\/types\/page"}],"author":[{"embeddable":true,"href":"https:\/\/idpguate.com\/index.php?rest_route=\/wp\/v2\/users\/2"}],"replies":[{"embeddable":true,"href":"https:\/\/idpguate.com\/index.php?rest_route=%2Fwp%2Fv2%2Fcomments&post=49"}],"version-history":[{"count":1,"href":"https:\/\/idpguate.com\/index.php?rest_route=\/wp\/v2\/pages\/49\/revisions"}],"predecessor-version":[{"id":52,"href":"https:\/\/idpguate.com\/index.php?rest_route=\/wp\/v2\/pages\/49\/revisions\/52"}],"up":[{"embeddable":true,"href":"https:\/\/idpguate.com\/index.php?rest_route=\/wp\/v2\/pages\/45"}],"wp:attachment":[{"href":"https:\/\/idpguate.com\/index.php?rest_route=%2Fwp%2Fv2%2Fmedia&parent=49"}],"curies":[{"name":"wp","href":"https:\/\/api.w.org\/{rel}","templated":true}]}}