{"id":130,"date":"2020-03-02T20:38:07","date_gmt":"2020-03-02T20:38:07","guid":{"rendered":"http:\/\/idpguate.com\/?page_id=130"},"modified":"2021-07-04T16:42:33","modified_gmt":"2021-07-04T16:42:33","slug":"sermones","status":"publish","type":"page","link":"https:\/\/idpguate.com\/?page_id=130","title":{"rendered":"Sermones"},"content":{"rendered":"<div data-colibri-id=\"130-c1\" class=\"style-869 style-local-130-c1 position-relative\">\n  <!---->\n  <div data-colibri-component=\"section\" data-colibri-id=\"130-c2\" id=\"custom\" class=\"h-section h-section-global-spacing d-flex align-items-lg-center align-items-md-center align-items-center style-870 style-local-130-c2 position-relative\">\n    <!---->\n    <!---->\n    <div class=\"h-section-grid-container h-section-boxed-container\">\n      <!---->\n      <div data-colibri-id=\"130-c3\" class=\"h-row-container gutters-row-lg-2 gutters-row-md-2 gutters-row-0 gutters-row-v-lg-2 gutters-row-v-md-2 gutters-row-v-2 style-871 style-local-130-c3 position-relative\">\n        <!---->\n        <div class=\"h-row justify-content-lg-center justify-content-md-center justify-content-center align-items-lg-stretch align-items-md-stretch align-items-stretch gutters-col-lg-2 gutters-col-md-2 gutters-col-0 gutters-col-v-lg-2 gutters-col-v-md-2 gutters-col-v-2\">\n          <!---->\n          <div class=\"h-column h-column-container d-flex h-col-lg-auto h-col-md-auto h-col-auto style-872-outer style-local-130-c4-outer\">\n            <div data-colibri-id=\"130-c4\" class=\"d-flex h-flex-basis h-column__inner h-px-lg-2 h-px-md-2 h-px-2 v-inner-lg-2 v-inner-md-2 v-inner-2 style-872 style-local-130-c4 position-relative\">\n              <!---->\n              <!---->\n              <div class=\"w-100 h-y-container h-column__content h-column__v-align flex-basis-100 align-self-lg-start align-self-md-start align-self-start\">\n                <!---->\n                <div data-colibri-id=\"130-c5\" class=\"d-block style-874 style-local-130-c5 position-relative h-element\">\n                  <!---->\n                  <div class=\"h-image__frame-container-outer\">\n                    <div class=\"h-image__frame-container\">\n                      <!---->\n                      <!---->\n                      <img loading=\"lazy\" decoding=\"async\" width=\"447\" height=\"445\" src=\"http:\/\/idpguate.com\/wp-content\/uploads\/2020\/03\/cropped-predicador.jpg\" class=\"wp-image-685 style-874-image style-local-130-c5-image\" alt=\"\" srcset=\"https:\/\/idpguate.com\/wp-content\/uploads\/2020\/03\/cropped-predicador.jpg 447w, https:\/\/idpguate.com\/wp-content\/uploads\/2020\/03\/cropped-predicador-300x300.jpg 300w, https:\/\/idpguate.com\/wp-content\/uploads\/2020\/03\/cropped-predicador-150x150.jpg 150w\" sizes=\"(max-width: 447px) 100vw, 447px\" \/>\n                      <div class=\"h-image__frame h-hide-lg h-hide-md h-hide-sm style-874-frameImage style-local-130-c5-frameImage\"><\/div>\n                    <\/div>\n                  <\/div>\n                <\/div>\n              <\/div>\n            <\/div>\n          <\/div>\n        <\/div>\n      <\/div>\n      <div data-colibri-id=\"130-c6\" class=\"h-row-container gutters-row-lg-2 gutters-row-md-2 gutters-row-0 gutters-row-v-lg-2 gutters-row-v-md-2 gutters-row-v-2 style-891 style-local-130-c6 position-relative\">\n        <!---->\n        <div class=\"h-row justify-content-lg-center justify-content-md-center justify-content-center align-items-lg-stretch align-items-md-stretch align-items-stretch gutters-col-lg-2 gutters-col-md-2 gutters-col-0 gutters-col-v-lg-2 gutters-col-v-md-2 gutters-col-v-2\">\n          <!---->\n          <div class=\"h-column h-column-container d-flex h-col-lg-auto h-col-md-auto h-col-auto style-892-outer style-local-130-c7-outer\">\n            <div data-colibri-id=\"130-c7\" class=\"d-flex h-flex-basis h-column__inner h-px-lg-2 h-px-md-2 h-px-2 v-inner-lg-2 v-inner-md-2 v-inner-2 style-892 style-local-130-c7 position-relative\">\n              <!---->\n              <!---->\n              <div class=\"w-100 h-y-container h-column__content h-column__v-align flex-basis-100 align-self-lg-start align-self-md-start align-self-start\">\n                <!---->\n                <div data-colibri-id=\"130-c8\" class=\"h-global-transition-all h-heading style-893 style-local-130-c8 position-relative h-element\">\n                  <!---->\n                  <div class=\"h-heading__outer style-893 style-local-130-c8\">\n                    <!---->\n                    <!---->\n                    <h1 class=\"\">Sermones para tu iglesia local<\/h1>\n                  <\/div>\n                <\/div>\n              <\/div>\n            <\/div>\n          <\/div>\n        <\/div>\n      <\/div>\n    <\/div>\n  <\/div>\n  <div data-colibri-component=\"section\" data-colibri-id=\"130-c9\" id=\"custom-2\" class=\"h-section h-section-global-spacing d-flex align-items-lg-center align-items-md-center align-items-center style-879 style-local-130-c9 position-relative\">\n    <!---->\n    <!---->\n    <div class=\"h-section-grid-container h-section-boxed-container\">\n      <!---->\n      <div data-colibri-id=\"130-c10\" class=\"h-row-container gutters-row-lg-2 gutters-row-md-2 gutters-row-0 gutters-row-v-lg-2 gutters-row-v-md-2 gutters-row-v-2 style-880 style-local-130-c10 position-relative\">\n        <!---->\n        <div class=\"h-row justify-content-lg-center justify-content-md-center justify-content-center align-items-lg-stretch align-items-md-stretch align-items-stretch gutters-col-lg-2 gutters-col-md-2 gutters-col-0 gutters-col-v-lg-2 gutters-col-v-md-2 gutters-col-v-2\">\n          <!---->\n          <div class=\"h-column h-column-container d-flex h-col-lg-auto h-col-md-auto h-col-auto style-881-outer style-local-130-c11-outer\">\n            <div data-colibri-id=\"130-c11\" class=\"d-flex h-flex-basis h-column__inner h-px-lg-2 h-px-md-2 h-px-2 v-inner-lg-2 v-inner-md-2 v-inner-2 style-881 style-local-130-c11 position-relative\">\n              <!---->\n              <!---->\n              <div class=\"w-100 h-y-container h-column__content h-column__v-align flex-basis-100 align-self-lg-start align-self-md-start align-self-start\">\n                <!---->\n                <div data-colibri-id=\"130-c12\" class=\"h-x-container style-884 style-local-130-c12 position-relative h-element\">\n                  <!---->\n                  <div class=\"h-x-container-inner style-dynamic-130-c12-group style-884-spacing style-local-130-c12-spacing\"><span class=\"h-button__outer style-885-outer style-local-130-c13-outer d-inline-flex h-element\"><a h-use-smooth-scroll=\"true\" href=\"http:\/\/idpguate.com\/wp-content\/uploads\/2020\/03\/DISCIPULANDO-MUJERES.pdf\"  data-colibri-id=\"130-c13\" class=\"d-flex w-100 align-items-center h-button justify-content-lg-center justify-content-md-center justify-content-center style-885 style-local-130-c13 position-relative\"><!----><!----> <span>DISCIPULANDO MUJERES<\/span><\/a>\n                    <\/span><span class=\"h-button__outer style-890-outer style-local-130-c14-outer d-inline-flex h-element\"><a h-use-smooth-scroll=\"true\" href=\"http:\/\/idpguate.com\/wp-content\/uploads\/2020\/03\/MENTORIA-JUVENIL.pdf\"  data-colibri-id=\"130-c14\" class=\"d-flex w-100 align-items-center h-button justify-content-lg-center justify-content-md-center justify-content-center style-890 style-local-130-c14 position-relative\"><!----><!----> <span>MENTOR\u00cdA JUVENIL<\/span><\/a>\n                    <\/span>\n                  <\/div>\n                <\/div>\n                <div data-colibri-id=\"130-c15\" class=\"h-x-container style-888 style-local-130-c15 position-relative h-element\">\n                  <!---->\n                  <div class=\"h-x-container-inner style-dynamic-130-c15-group style-888-spacing style-local-130-c15-spacing\"><span class=\"h-button__outer style-889-outer style-local-130-c16-outer d-inline-flex h-element\"><a h-use-smooth-scroll=\"true\" href=\"http:\/\/idpguate.com\/wp-content\/uploads\/2020\/03\/SOY-UN-LIDER.pdf\"  data-colibri-id=\"130-c16\" class=\"d-flex w-100 align-items-center h-button justify-content-lg-center justify-content-md-center justify-content-center style-889 style-local-130-c16 position-relative\"><!----><!----> <span>\u00bfSOY UN L\u00cdDER?<\/span><\/a>\n                    <\/span>\n                  <\/div>\n                <\/div>\n              <\/div>\n            <\/div>\n          <\/div>\n          <div class=\"h-column h-column-container d-flex h-col-lg-auto h-col-md-auto h-col-auto style-882-outer style-local-130-c17-outer\">\n            <div data-colibri-id=\"130-c17\" class=\"d-flex h-flex-basis h-column__inner h-px-lg-2 h-px-md-2 h-px-2 v-inner-lg-2 v-inner-md-2 v-inner-2 style-882 style-local-130-c17 position-relative\">\n              <!---->\n              <!---->\n              <div class=\"w-100 h-y-container h-column__content h-column__v-align flex-basis-100 align-self-lg-start align-self-md-start align-self-start\">\n                <!---->\n                <div data-colibri-id=\"130-c18\" class=\"h-x-container style-886 style-local-130-c18 position-relative h-element\">\n                  <!---->\n                  <div class=\"h-x-container-inner style-dynamic-130-c18-group style-886-spacing style-local-130-c18-spacing\"><span class=\"h-button__outer style-887-outer style-local-130-c19-outer d-inline-flex h-element\"><a h-use-smooth-scroll=\"true\" href=\"http:\/\/idpguate.com\/wp-content\/uploads\/2020\/03\/MISIONEROS-DIGITALES.pdf\"  data-colibri-id=\"130-c19\" class=\"d-flex w-100 align-items-center h-button justify-content-lg-center justify-content-md-center justify-content-center style-887 style-local-130-c19 position-relative\"><!----><!----> <span>MISIONEROS DIGITALES<\/span><\/a>\n                    <\/span>\n                  <\/div>\n                <\/div>\n                <div data-colibri-id=\"130-c20\" class=\"h-x-container style-875 style-local-130-c20 position-relative h-element\">\n                  <!---->\n                  <div class=\"h-x-container-inner style-dynamic-130-c20-group style-875-spacing style-local-130-c20-spacing\"><span class=\"h-button__outer style-876-outer style-local-130-c21-outer d-inline-flex h-element\"><a h-use-smooth-scroll=\"true\" href=\"http:\/\/idpguate.com\/wp-content\/uploads\/2020\/03\/LOS-J\u00d3VENES-Y-LAS-MISIONES.pdf\"  data-colibri-id=\"130-c21\" class=\"d-flex w-100 align-items-center h-button justify-content-lg-center justify-content-md-center justify-content-center style-876 style-local-130-c21 position-relative\"><!----><!----> <span>LOS J\u00d3VENES Y LAS MISIONES<\/span><\/a>\n                    <\/span><span class=\"h-button__outer style-877-outer style-local-130-c22-outer d-inline-flex h-element\"><a h-use-smooth-scroll=\"true\" href=\"http:\/\/idpguate.com\/wp-content\/uploads\/2020\/03\/El-l\u00edder-y-su-Mayordom\u00eda..pdf\"  data-colibri-id=\"130-c22\" class=\"d-flex w-100 align-items-center h-button justify-content-lg-center justify-content-md-center justify-content-center style-877 style-local-130-c22 position-relative\"><!----><!----> <span>EL L\u00cdDER Y SU MAYORDOM\u00cdA<\/span><\/a>\n                    <\/span>\n                  <\/div>\n                <\/div>\n                <div data-colibri-id=\"130-c24\" class=\"h-x-container style-1028 style-local-130-c24 position-relative h-element\">\n                  <!---->\n                  <div class=\"h-x-container-inner style-dynamic-130-c24-group style-1028-spacing style-local-130-c24-spacing\"><span class=\"h-button__outer style-1029-outer style-local-130-c25-outer d-inline-flex h-element\"><a h-use-smooth-scroll=\"true\" href=\"http:\/\/idpguate.com\/wp-content\/uploads\/2020\/04\/EL-COACHING-Y-MENTORING-EN-EL-MJ.pdf\"  data-colibri-id=\"130-c25\" class=\"d-flex w-100 align-items-center h-button justify-content-lg-center justify-content-md-center justify-content-center style-1029 style-local-130-c25 position-relative\"><!----><!----> <span>EL COACH Y MENTORING EN EL MJ<\/span><\/a>\n                    <\/span>\n                  <\/div>\n                <\/div>\n              <\/div>\n            <\/div>\n          <\/div>\n          <div class=\"h-column h-column-container d-flex h-col-lg-auto h-col-md-auto h-col-auto style-883-outer style-local-130-c23-outer\">\n            <div data-colibri-id=\"130-c23\" class=\"d-flex h-flex-basis h-column__inner h-px-lg-2 h-px-md-2 h-px-2 v-inner-lg-2 v-inner-md-2 v-inner-2 style-883 style-local-130-c23 position-relative\">\n              <!---->\n              <!---->\n              <div class=\"w-100 h-y-container h-column__content h-column__v-align flex-basis-100 align-self-lg-start align-self-md-start align-self-start\">\n                <!---->\n                <div data-colibri-id=\"130-c28\" class=\"h-x-container style-1130 style-local-130-c28 position-relative h-element\">\n                  <!---->\n                  <div class=\"h-x-container-inner style-dynamic-130-c28-group style-1130-spacing style-local-130-c28-spacing\"><span class=\"h-button__outer style-1131-outer style-local-130-c29-outer d-inline-flex h-element\"><a h-use-smooth-scroll=\"true\" href=\"http:\/\/idpguate.com\/wp-content\/uploads\/2021\/07\/canal-27-abril-2021.pdf\"  data-colibri-id=\"130-c29\" class=\"d-flex w-100 align-items-center h-button justify-content-lg-center justify-content-md-center justify-content-center style-1131 style-local-130-c29 position-relative\"><!----><!----> <span>\u00bfQui\u00e9n es la Iglesia de Dios de la profec\u00eda?<\/span><\/a>\n                    <\/span>\n                  <\/div>\n                <\/div>\n                <div data-colibri-id=\"130-c30\" class=\"h-x-container style-1132 style-local-130-c30 position-relative h-element\">\n                  <!---->\n                  <div class=\"h-x-container-inner style-dynamic-130-c30-group style-1132-spacing style-local-130-c30-spacing\"><span class=\"h-button__outer style-1133-outer style-local-130-c31-outer d-inline-flex h-element\"><a h-use-smooth-scroll=\"true\" href=\"http:\/\/idpguate.com\/wp-content\/uploads\/2021\/07\/serie-3-bosquejos-canal-27.-copia.pdf\"  data-colibri-id=\"130-c31\" class=\"d-flex w-100 align-items-center h-button justify-content-lg-center justify-content-md-center justify-content-center style-1133 style-local-130-c31 position-relative\"><!----><!----> <span>LA DINAMICA DE LAS SE\u00d1ALES QUE ACOMPA\u00d1AN A LOS CREYENTES<\/span><\/a>\n                    <\/span>\n                  <\/div>\n                <\/div>\n                <div data-colibri-id=\"130-c26\" class=\"h-x-container style-1128 style-local-130-c26 position-relative h-element\">\n                  <!---->\n                  <div class=\"h-x-container-inner style-dynamic-130-c26-group style-1128-spacing style-local-130-c26-spacing\"><span class=\"h-button__outer style-1129-outer style-local-130-c27-outer d-inline-flex h-element\"><a h-use-smooth-scroll=\"true\" href=\"http:\/\/idpguate.com\/wp-content\/uploads\/2021\/07\/canal-27-mes-de-mayo-2021.pdf\"  data-colibri-id=\"130-c27\" class=\"d-flex w-100 align-items-center h-button justify-content-lg-center justify-content-md-center justify-content-center style-1129 style-local-130-c27 position-relative\"><!----><!----> <span>La santificaci\u00f3n<\/span><\/a>\n                    <\/span>\n                  <\/div>\n                <\/div>\n              <\/div>\n            <\/div>\n          <\/div>\n        <\/div>\n      <\/div>\n    <\/div>\n  <\/div>\n<\/div>","protected":false},"excerpt":{"rendered":"<p>Sermones para tu iglesia local DISCIPULANDO MUJERES MENTOR\u00cdA JUVENIL \u00bfSOY UN L\u00cdDER? MISIONEROS DIGITALES LOS J\u00d3VENES Y LAS MISIONES EL L\u00cdDER Y SU MAYORDOM\u00cdA EL COACH Y MENTORING EN EL MJ \u00bfQui\u00e9n es la Iglesia de Dios de la profec\u00eda? LA DINAMICA DE LAS SE\u00d1ALES QUE ACOMPA\u00d1AN A LOS CREYENTES La santificaci\u00f3n<\/p>\n","protected":false},"author":2,"featured_media":0,"parent":82,"menu_order":7,"comment_status":"closed","ping_status":"closed","template":"page-templates\/full-width-page.php","meta":{"footnotes":""},"jetpack_sharing_enabled":true,"_links":{"self":[{"href":"https:\/\/idpguate.com\/index.php?rest_route=\/wp\/v2\/pages\/130"}],"collection":[{"href":"https:\/\/idpguate.com\/index.php?rest_route=\/wp\/v2\/pages"}],"about":[{"href":"https:\/\/idpguate.com\/index.php?rest_route=\/wp\/v2\/types\/page"}],"author":[{"embeddable":true,"href":"https:\/\/idpguate.com\/index.php?rest_route=\/wp\/v2\/users\/2"}],"replies":[{"embeddable":true,"href":"https:\/\/idpguate.com\/index.php?rest_route=%2Fwp%2Fv2%2Fcomments&post=130"}],"version-history":[{"count":5,"href":"https:\/\/idpguate.com\/index.php?rest_route=\/wp\/v2\/pages\/130\/revisions"}],"predecessor-version":[{"id":1093,"href":"https:\/\/idpguate.com\/index.php?rest_route=\/wp\/v2\/pages\/130\/revisions\/1093"}],"up":[{"embeddable":true,"href":"https:\/\/idpguate.com\/index.php?rest_route=\/wp\/v2\/pages\/82"}],"wp:attachment":[{"href":"https:\/\/idpguate.com\/index.php?rest_route=%2Fwp%2Fv2%2Fmedia&parent=130"}],"curies":[{"name":"wp","href":"https:\/\/api.w.org\/{rel}","templated":true}]}}