{"id":113,"date":"2020-03-02T20:29:23","date_gmt":"2020-03-02T20:29:23","guid":{"rendered":"http:\/\/idpguate.com\/?page_id=113"},"modified":"2021-07-04T20:31:22","modified_gmt":"2021-07-04T20:31:22","slug":"ministerio-de-educacion","status":"publish","type":"page","link":"https:\/\/idpguate.com\/?page_id=113","title":{"rendered":"Ministerio de Educaci\u00f3n"},"content":{"rendered":"<div data-colibri-id=\"113-c1\" class=\"style-851 style-local-113-c1 position-relative\">\n  <!---->\n  <div data-colibri-component=\"section\" data-colibri-id=\"113-c2\" id=\"about\" class=\"h-section h-section-global-spacing d-flex align-items-lg-center align-items-md-center align-items-center style-897 style-local-113-c2 position-relative\">\n    <!---->\n    <!---->\n    <div class=\"h-section-grid-container h-section-boxed-container\">\n      <!---->\n      <div data-colibri-id=\"113-c3\" class=\"h-row-container gutters-row-lg-0 gutters-row-md-0 gutters-row-0 gutters-row-v-lg-0 gutters-row-v-md-0 gutters-row-v-0 style-898 style-local-113-c3 position-relative\">\n        <!---->\n        <div class=\"h-row justify-content-lg-center justify-content-md-center justify-content-center align-items-lg-stretch align-items-md-stretch align-items-stretch gutters-col-lg-0 gutters-col-md-0 gutters-col-0 gutters-col-v-lg-0 gutters-col-v-md-0 gutters-col-v-0\">\n          <!---->\n          <div class=\"h-column h-column-container d-flex h-col-lg-auto h-col-md-auto h-col-auto style-899-outer style-local-113-c4-outer\">\n            <div data-colibri-id=\"113-c4\" class=\"d-flex h-flex-basis h-column__inner h-px-lg-0 h-px-md-0 h-px-0 v-inner-lg-0 v-inner-md-0 v-inner-0 style-899 style-local-113-c4 position-relative\">\n              <!---->\n              <!---->\n              <div class=\"w-100 h-y-container h-column__content h-column__v-align flex-basis-100 align-self-lg-start align-self-md-start align-self-start\">\n                <!---->\n                <div data-colibri-id=\"113-c5\" class=\"h-global-transition-all h-heading style-900 style-local-113-c5 position-relative h-element\">\n                  <!---->\n                  <div class=\"h-heading__outer style-900 style-local-113-c5\">\n                    <!---->\n                    <!---->\n                    <h5 class=\"\">DIRECTOR NACIONAL DE EDUCACI\u00d3N<\/h5>\n                  <\/div>\n                <\/div>\n                <div data-colibri-id=\"113-c6\" class=\"h-global-transition-all h-heading style-901 style-local-113-c6 position-relative h-element\">\n                  <!---->\n                  <div class=\"h-heading__outer style-901 style-local-113-c6\">\n                    <!---->\n                    <!---->\n                    <h2 class=\"\">OSCAR JOEL CONTRERAS ROJAS<\/h2>\n                  <\/div>\n                <\/div>\n                <div data-colibri-id=\"113-c7\" class=\"h-text h-text-component style-902 style-local-113-c7 position-relative h-element\">\n                  <!---->\n                  <!---->\n                  <div class=\"\">\n                    <p>Oriundo de Santa Luc\u00eda Cotzumalguapa, Escuintla. Naci\u00f3 el 13 de enero de 1991. Fue llamado al ministerio pastoral desde hace varios a\u00f1os, ha servido como Director Nacional de J\u00f3venes y Vicepresidente del Comit\u00e9 Directivo Nacional.\n                      Es ingeniero en Sistemas de Informaci\u00f3n y obtuvo una licenciatura en Teolog\u00eda Sistem\u00e1tica; posee tres maestr\u00edas en Teolog\u00eda, Gesti\u00f3n del Recurso Humano, y en Gesti\u00f3n P\u00fablica; actualmente est\u00e1 desarrollando tus tesis de 2 doctorados:\n                      En Ciencias de la Investigaci\u00f3n y en Ministerio Pastoral.<\/p>\n                    <p>Est\u00e1 casado con Mar\u00eda Esther Menjivar y tienen un hijo: C\u00e9sar Joel.<\/p>\n                  <\/div>\n                <\/div>\n              <\/div>\n            <\/div>\n          <\/div>\n          <div class=\"h-column h-column-container d-flex h-col-lg-auto h-col-md-auto h-col-auto style-903-outer style-local-113-c8-outer\">\n            <div data-colibri-id=\"113-c8\" class=\"d-flex h-flex-basis h-column__inner h-ui-empty-state-container h-px-lg-2 h-px-md-2 h-px-2 v-inner-lg-2 v-inner-md-2 v-inner-2 style-903 style-local-113-c8 position-relative\">\n              <!---->\n              <!---->\n              <div class=\"w-100 h-y-container h-column__content h-column__v-align flex-basis-100\">\n                <!---->\n              <\/div>\n            <\/div>\n          <\/div>\n        <\/div>\n      <\/div>\n    <\/div>\n  <\/div>\n  <div data-colibri-component=\"section\" data-colibri-id=\"113-c9\" id=\"about-2\" class=\"h-section h-section-global-spacing d-flex align-items-lg-center align-items-md-center align-items-center style-904 style-local-113-c9 position-relative\">\n    <!---->\n    <!---->\n    <div class=\"h-section-grid-container h-section-boxed-container\">\n      <!---->\n      <div data-colibri-id=\"113-c10\" class=\"h-row-container gutters-row-lg-2 gutters-row-md-2 gutters-row-0 gutters-row-v-lg-2 gutters-row-v-md-2 gutters-row-v-2 style-932 style-local-113-c10 position-relative\">\n        <!---->\n        <div class=\"h-row justify-content-lg-center justify-content-md-center justify-content-center align-items-lg-stretch align-items-md-stretch align-items-stretch gutters-col-lg-2 gutters-col-md-2 gutters-col-0 gutters-col-v-lg-2 gutters-col-v-md-2 gutters-col-v-2\">\n          <!---->\n          <div class=\"h-column h-column-container d-flex h-col-lg-auto h-col-md-auto h-col-auto style-933-outer style-local-113-c11-outer\">\n            <div data-colibri-id=\"113-c11\" class=\"d-flex h-flex-basis h-column__inner h-px-lg-2 h-px-md-2 h-px-2 v-inner-lg-2 v-inner-md-2 v-inner-2 style-933 style-local-113-c11 position-relative\">\n              <!---->\n              <!---->\n              <div class=\"w-100 h-y-container h-column__content h-column__v-align flex-basis-100 align-self-lg-start align-self-md-start align-self-start\">\n                <!---->\n                <div data-colibri-id=\"113-c12\" class=\"h-global-transition-all h-heading style-934 style-local-113-c12 position-relative h-element\">\n                  <!---->\n                  <div class=\"h-heading__outer style-934 style-local-113-c12\">\n                    <!---->\n                    <!---->\n                    <h1 class=\"\">SEMINARIO B\u00cdBLICO TEOL\u00d3GICO DE LA PROFEC\u00cdA -SBTP-<\/h1>\n                  <\/div>\n                <\/div>\n              <\/div>\n            <\/div>\n          <\/div>\n        <\/div>\n      <\/div>\n      <div data-colibri-id=\"113-c13\" class=\"h-row-container gutters-row-lg-0 gutters-row-md-0 gutters-row-0 gutters-row-v-lg-0 gutters-row-v-md-0 gutters-row-v-0 style-905 style-local-113-c13 h-overflow-hidden position-relative\">\n        <!---->\n        <div class=\"h-row justify-content-lg-center justify-content-md-center justify-content-center align-items-lg-end align-items-md-end align-items-end gutters-col-lg-0 gutters-col-md-0 gutters-col-0 gutters-col-v-lg-0 gutters-col-v-md-0 gutters-col-v-0\">\n          <!---->\n          <div class=\"h-column h-column-container d-flex h-col-lg-auto h-col-md-auto h-col-auto align-self-lg-end align-self-md-end align-self-end style-906-outer style-local-113-c14-outer\">\n            <div data-colibri-id=\"113-c14\" class=\"d-flex h-flex-basis h-column__inner h-ui-empty-state-container h-px-lg-0 h-px-md-0 h-px-0 v-inner-lg-0 v-inner-md-0 v-inner-0 style-906 style-local-113-c14 position-relative\">\n              <!---->\n              <!---->\n              <div class=\"w-100 h-y-container h-column__content h-column__v-align flex-basis-100\">\n                <!---->\n              <\/div>\n            <\/div>\n          <\/div>\n          <div class=\"h-column h-column-container d-flex h-col-lg-auto h-col-md-auto h-col-auto align-self-lg-end align-self-md-end align-self-end style-907-outer style-local-113-c15-outer\">\n            <div data-colibri-id=\"113-c15\" class=\"d-flex h-flex-basis h-column__inner h-ui-empty-state-container h-px-lg-0 h-px-md-0 h-px-0 v-inner-lg-0 v-inner-md-0 v-inner-0 style-907 style-local-113-c15 position-relative\">\n              <!---->\n              <!---->\n              <div class=\"w-100 h-y-container h-column__content h-column__v-align flex-basis-100\">\n                <!---->\n              <\/div>\n            <\/div>\n          <\/div>\n          <div class=\"h-column h-column-container d-flex h-col-lg-auto h-col-md-auto h-col-auto align-self-lg-end align-self-md-end align-self-end style-908-outer style-local-113-c16-outer\">\n            <div data-colibri-id=\"113-c16\" class=\"d-flex h-flex-basis h-column__inner h-ui-empty-state-container h-px-lg-0 h-px-md-0 h-px-0 v-inner-lg-0 v-inner-md-0 v-inner-0 style-908 style-local-113-c16 position-relative\">\n              <!---->\n              <!---->\n              <div class=\"w-100 h-y-container h-column__content h-column__v-align flex-basis-100\">\n                <!---->\n              <\/div>\n            <\/div>\n          <\/div>\n        <\/div>\n      <\/div>\n    <\/div>\n  <\/div>\n  <div data-colibri-component=\"section\" data-colibri-id=\"113-c17\" id=\"custom\" class=\"h-section h-section-global-spacing d-flex align-items-lg-center align-items-md-center align-items-center style-916 style-local-113-c17 position-relative\">\n    <!---->\n    <!---->\n    <div class=\"h-section-grid-container h-section-boxed-container\">\n      <!---->\n      <div data-colibri-id=\"113-c18\" class=\"h-row-container gutters-row-lg-2 gutters-row-md-2 gutters-row-0 gutters-row-v-lg-2 gutters-row-v-md-2 gutters-row-v-2 style-917 style-local-113-c18 position-relative\">\n        <!---->\n        <div class=\"h-row justify-content-lg-center justify-content-md-center justify-content-center align-items-lg-stretch align-items-md-stretch align-items-stretch gutters-col-lg-2 gutters-col-md-2 gutters-col-0 gutters-col-v-lg-2 gutters-col-v-md-2 gutters-col-v-2\">\n          <!---->\n          <div class=\"h-column h-column-container d-flex h-col-lg-auto h-col-md-auto h-col-auto style-918-outer style-local-113-c19-outer\">\n            <div data-colibri-id=\"113-c19\" class=\"d-flex h-flex-basis h-column__inner h-px-lg-2 h-px-md-2 h-px-2 v-inner-lg-2 v-inner-md-2 v-inner-2 style-918 style-local-113-c19 position-relative\">\n              <!---->\n              <!---->\n              <div class=\"w-100 h-y-container h-column__content h-column__v-align flex-basis-100 align-self-lg-start align-self-md-start align-self-start\">\n                <!---->\n                <div data-colibri-id=\"113-c20\" class=\"h-global-transition-all h-heading style-920 style-local-113-c20 position-relative h-element\">\n                  <!---->\n                  <div class=\"h-heading__outer style-920 style-local-113-c20\">\n                    <!---->\n                    <!---->\n                    <h1 class=\"\">VISI\u00d3N<\/h1>\n                  <\/div>\n                <\/div>\n                <div data-colibri-id=\"113-c21\" class=\"h-text h-text-component style-922 style-local-113-c21 position-relative h-element\">\n                  <!---->\n                  <!---->\n                  <div class=\"\">\n                    <p>Llevar al estudiante a un conocimiento s\u00f3lido con las herramientas necesarias para cumplir la misi\u00f3n encomendada por nuestro Se\u00f1or Jesucristo, equipando de esta manera a la Iglesia con fundamentos y principios b\u00edblicos comprometidos\n                      en la formaci\u00f3n con conocimiento para participar en la misi\u00f3n del reino de Dios en redenci\u00f3n y transformaci\u00f3n de Guatemala y sus alrededores.<\/p>\n                  <\/div>\n                <\/div>\n              <\/div>\n            <\/div>\n          <\/div>\n          <div class=\"h-column h-column-container d-flex h-col-lg-auto h-col-md-auto h-col-auto style-919-outer style-local-113-c22-outer\">\n            <div data-colibri-id=\"113-c22\" class=\"d-flex h-flex-basis h-column__inner h-px-lg-2 h-px-md-2 h-px-2 v-inner-lg-2 v-inner-md-2 v-inner-2 style-919 style-local-113-c22 position-relative\">\n              <!---->\n              <!---->\n              <div class=\"w-100 h-y-container h-column__content h-column__v-align flex-basis-100 align-self-lg-start align-self-md-start align-self-start\">\n                <!---->\n                <div data-colibri-id=\"113-c23\" class=\"h-global-transition-all h-heading style-921 style-local-113-c23 position-relative h-element\">\n                  <!---->\n                  <div class=\"h-heading__outer style-921 style-local-113-c23\">\n                    <!---->\n                    <!---->\n                    <h1 class=\"\">MISI\u00d3N<\/h1>\n                  <\/div>\n                <\/div>\n                <div data-colibri-id=\"113-c24\" class=\"h-text h-text-component style-923 style-local-113-c24 position-relative h-element\">\n                  <!---->\n                  <!---->\n                  <div class=\"\">\n                    <p>Ser un seminario con pasi\u00f3n de formar l\u00edderes cristianos competentes con altos niveles de excelente capacidad, orient\u00e1ndolos a un desarrollo ministerial, sensible a las necesidades de la sociedad y el mundo. Desarrollando una formaci\u00f3n\n                      teol\u00f3gica b\u00edblica ministerial y en \u00e1reas en general de conocimientos para un desarrollo eficaz en el cuerpo de Cristo.<\/p>\n                  <\/div>\n                <\/div>\n              <\/div>\n            <\/div>\n          <\/div>\n        <\/div>\n      <\/div>\n    <\/div>\n  <\/div>\n  <div data-colibri-component=\"section\" data-colibri-id=\"113-c25\" id=\"custom-2\" class=\"h-section h-section-global-spacing d-flex align-items-lg-center align-items-md-center align-items-center style-924 style-local-113-c25 position-relative\">\n    <!---->\n    <!---->\n    <div class=\"h-section-grid-container h-section-boxed-container\">\n      <!---->\n      <div data-colibri-id=\"113-c26\" class=\"h-row-container gutters-row-lg-2 gutters-row-md-2 gutters-row-0 gutters-row-v-lg-2 gutters-row-v-md-2 gutters-row-v-2 style-925 style-local-113-c26 position-relative\">\n        <!---->\n        <div class=\"h-row justify-content-lg-center justify-content-md-center justify-content-center align-items-lg-stretch align-items-md-stretch align-items-stretch gutters-col-lg-2 gutters-col-md-2 gutters-col-0 gutters-col-v-lg-2 gutters-col-v-md-2 gutters-col-v-2\">\n          <!---->\n          <div class=\"h-column h-column-container d-flex h-col-lg-auto h-col-md-auto h-col-auto style-926-outer style-local-113-c27-outer\">\n            <div data-colibri-id=\"113-c27\" class=\"d-flex h-flex-basis h-column__inner h-px-lg-2 h-px-md-2 h-px-2 v-inner-lg-2 v-inner-md-2 v-inner-2 style-926 style-local-113-c27 position-relative\">\n              <!---->\n              <!---->\n              <div class=\"w-100 h-y-container h-column__content h-column__v-align flex-basis-100 align-self-lg-start align-self-md-start align-self-start\">\n                <!---->\n                <div data-colibri-id=\"113-c28\" class=\"h-text h-text-component style-929 style-local-113-c28 position-relative h-element\">\n                  <!---->\n                  <!---->\n                  <div class=\"\">\n                    <p>T\u00cdTULOS SEG\u00daN SU NIVEL ACAD\u00c9MICO:<\/p>\n                    <p>1. Primer a\u00f1o: Diplomado en Estudios Ministeriales<\/p>\n                    <p>2. Segundo a\u00f1o: Diplomado en Estudios Pastorales<\/p>\n                    <p>3. Tercer a\u00f1o: Diplomado en Ministro Ordenado<\/p>\n                    <p>4. Cuarto a\u00f1o: Maestro en Estudios B\u00edblicos.<\/p>\n                  <\/div>\n                <\/div>\n              <\/div>\n            <\/div>\n          <\/div>\n          <div class=\"h-column h-column-container d-flex h-col-lg-auto h-col-md-auto h-col-auto style-927-outer style-local-113-c29-outer\">\n            <div data-colibri-id=\"113-c29\" class=\"d-flex h-flex-basis h-column__inner h-px-lg-2 h-px-md-2 h-px-2 v-inner-lg-2 v-inner-md-2 v-inner-2 style-927 style-local-113-c29 position-relative\">\n              <!---->\n              <!---->\n              <div class=\"w-100 h-y-container h-column__content h-column__v-align flex-basis-100 align-self-lg-start align-self-md-start align-self-start\">\n                <!---->\n                <div data-colibri-id=\"113-c30\" class=\"h-text h-text-component style-930 style-local-113-c30 position-relative h-element\">\n                  <!---->\n                  <!---->\n                  <div class=\"\">\n                    <p>LOS QUE CUENTAN CON UN&nbsp; T\u00cdTULO MEDIO:<\/p>\n                    <p>1. Primer a\u00f1o: Diplomado en Estudios Teol\u00f3gicos<\/p>\n                    <p>2. Segundo a\u00f1o: Bachiller en Teolog\u00eda<\/p>\n                    <p>3. Tercer a\u00f1o: Profesorado en Teolog\u00eda<\/p>\n                    <p>4. Cuarto a\u00f1o: Licenciado en Teolog\u00eda<\/p>\n                  <\/div>\n                <\/div>\n              <\/div>\n            <\/div>\n          <\/div>\n          <div class=\"h-column h-column-container d-flex h-col-lg-auto h-col-md-auto h-col-auto style-928-outer style-local-113-c31-outer\">\n            <div data-colibri-id=\"113-c31\" class=\"d-flex h-flex-basis h-column__inner h-px-lg-2 h-px-md-2 h-px-2 v-inner-lg-2 v-inner-md-2 v-inner-2 style-928 style-local-113-c31 position-relative\">\n              <!---->\n              <!---->\n              <div class=\"w-100 h-y-container h-column__content h-column__v-align flex-basis-100 align-self-lg-start align-self-md-start align-self-start\">\n                <!---->\n                <div data-colibri-id=\"113-c32\" class=\"h-text h-text-component style-931 style-local-113-c32 position-relative h-element\">\n                  <!---->\n                  <!---->\n                  <div class=\"\">\n                    <p>PREPARACI\u00d3N MINISTERIAL:<\/p>\n                    <p>FASE I<\/p>\n                    <p>Consolidaci\u00f3n del reci\u00e9n convertido<\/p>\n                    <p>FASE II<\/p>\n                    <p>Consolidaci\u00f3n del liderazgo<\/p>\n                    <p>FASE III<\/p>\n                    <p>Consolidaci\u00f3n Pastoral<\/p>\n                    <p>FASE IV<\/p>\n                    <p>Programa de profesionalizaci\u00f3n<\/p>\n                  <\/div>\n                <\/div>\n              <\/div>\n            <\/div>\n          <\/div>\n        <\/div>\n      <\/div>\n    <\/div>\n  <\/div>\n  <div data-colibri-component=\"section\" data-colibri-id=\"113-c33\" id=\"custom-3\" class=\"h-section h-section-global-spacing d-flex align-items-lg-center align-items-md-center align-items-center style-935 style-local-113-c33 position-relative\">\n    <!---->\n    <!---->\n    <div class=\"h-section-grid-container h-section-boxed-container\">\n      <!---->\n      <div data-colibri-id=\"113-c34\" class=\"h-row-container gutters-row-lg-2 gutters-row-md-2 gutters-row-0 gutters-row-v-lg-2 gutters-row-v-md-2 gutters-row-v-2 style-938 style-local-113-c34 position-relative\">\n        <!---->\n        <div class=\"h-row justify-content-lg-center justify-content-md-center justify-content-center align-items-lg-stretch align-items-md-stretch align-items-stretch gutters-col-lg-2 gutters-col-md-2 gutters-col-0 gutters-col-v-lg-2 gutters-col-v-md-2 gutters-col-v-2\">\n          <!---->\n          <div class=\"h-column h-column-container d-flex h-col-lg-auto h-col-md-auto h-col-auto style-939-outer style-local-113-c35-outer\">\n            <div data-colibri-id=\"113-c35\" class=\"d-flex h-flex-basis h-column__inner h-px-lg-2 h-px-md-2 h-px-2 v-inner-lg-2 v-inner-md-2 v-inner-2 style-939 style-local-113-c35 position-relative\">\n              <!---->\n              <!---->\n              <div class=\"w-100 h-y-container h-column__content h-column__v-align flex-basis-100 align-self-lg-start align-self-md-start align-self-start\">\n                <!---->\n                <div data-colibri-id=\"113-c38\" class=\"h-global-transition-all h-heading style-1134 style-local-113-c38 position-relative h-element\">\n                  <!---->\n                  <div class=\"h-heading__outer style-1134 style-local-113-c38\">\n                    <!---->\n                    <!---->\n                    <a href=\"campussbtp.org\" h-use-smooth-scroll=\"true\">\n                      <h1 class=\"\">campussbtp.org<\/h1>\n                    <\/a>\n                  <\/div>\n                <\/div>\n              <\/div>\n            <\/div>\n          <\/div>\n        <\/div>\n      <\/div>\n      <div data-colibri-id=\"113-c36\" class=\"h-row-container gutters-row-lg-2 gutters-row-md-2 gutters-row-0 gutters-row-v-lg-2 gutters-row-v-md-2 gutters-row-v-2 style-936 style-local-113-c36 position-relative\">\n        <!---->\n        <div class=\"h-row justify-content-lg-center justify-content-md-center justify-content-center align-items-lg-stretch align-items-md-stretch align-items-stretch gutters-col-lg-2 gutters-col-md-2 gutters-col-0 gutters-col-v-lg-2 gutters-col-v-md-2 gutters-col-v-2\">\n          <!---->\n          <div class=\"h-column h-column-container d-flex h-col-lg-auto h-col-md-auto h-col-auto style-937-outer style-local-113-c37-outer\">\n            <div data-colibri-id=\"113-c37\" class=\"d-flex h-flex-basis h-column__inner h-ui-empty-state-container h-px-lg-2 h-px-md-2 h-px-2 v-inner-lg-2 v-inner-md-2 v-inner-2 style-937 style-local-113-c37 position-relative\">\n              <!---->\n              <!---->\n              <div class=\"w-100 h-y-container h-column__content h-column__v-align flex-basis-100\">\n                <!---->\n              <\/div>\n            <\/div>\n          <\/div>\n        <\/div>\n      <\/div>\n    <\/div>\n  <\/div>\n<\/div>","protected":false},"excerpt":{"rendered":"<p>DIRECTOR NACIONAL DE EDUCACI\u00d3N OSCAR JOEL CONTRERAS ROJAS Oriundo de Santa Luc\u00eda Cotzumalguapa, Escuintla. Naci\u00f3 el 13 de enero de 1991. Fue llamado al ministerio pastoral desde hace varios a\u00f1os, ha servido como Director Nacional de J\u00f3venes y Vicepresidente del Comit\u00e9 Directivo Nacional. Es ingeniero en Sistemas de Informaci\u00f3n y obtuvo una licenciatura en Teolog\u00eda [&hellip;]<\/p>\n","protected":false},"author":2,"featured_media":0,"parent":47,"menu_order":0,"comment_status":"closed","ping_status":"closed","template":"page-templates\/full-width-page.php","meta":{"footnotes":""},"jetpack_sharing_enabled":true,"_links":{"self":[{"href":"https:\/\/idpguate.com\/index.php?rest_route=\/wp\/v2\/pages\/113"}],"collection":[{"href":"https:\/\/idpguate.com\/index.php?rest_route=\/wp\/v2\/pages"}],"about":[{"href":"https:\/\/idpguate.com\/index.php?rest_route=\/wp\/v2\/types\/page"}],"author":[{"embeddable":true,"href":"https:\/\/idpguate.com\/index.php?rest_route=\/wp\/v2\/users\/2"}],"replies":[{"embeddable":true,"href":"https:\/\/idpguate.com\/index.php?rest_route=%2Fwp%2Fv2%2Fcomments&post=113"}],"version-history":[{"count":6,"href":"https:\/\/idpguate.com\/index.php?rest_route=\/wp\/v2\/pages\/113\/revisions"}],"predecessor-version":[{"id":1113,"href":"https:\/\/idpguate.com\/index.php?rest_route=\/wp\/v2\/pages\/113\/revisions\/1113"}],"up":[{"embeddable":true,"href":"https:\/\/idpguate.com\/index.php?rest_route=\/wp\/v2\/pages\/47"}],"wp:attachment":[{"href":"https:\/\/idpguate.com\/index.php?rest_route=%2Fwp%2Fv2%2Fmedia&parent=113"}],"curies":[{"name":"wp","href":"https:\/\/api.w.org\/{rel}","templated":true}]}}