{"id":109,"date":"2020-03-02T20:28:39","date_gmt":"2020-03-02T20:28:39","guid":{"rendered":"http:\/\/idpguate.com\/?page_id=109"},"modified":"2020-03-11T19:33:11","modified_gmt":"2020-03-11T19:33:11","slug":"ministerio-hijos-de-pastores","status":"publish","type":"page","link":"https:\/\/idpguate.com\/?page_id=109","title":{"rendered":"Ministerio Hijos de Pastores"},"content":{"rendered":"<div data-colibri-id=\"109-c1\" class=\"style-604 style-local-109-c1 position-relative\">\n  <!---->\n  <div data-colibri-component=\"section\" data-colibri-id=\"109-c2\" id=\"about\" class=\"h-section h-section-global-spacing d-flex align-items-lg-center align-items-md-center align-items-center style-605 style-local-109-c2 position-relative\">\n    <!---->\n    <!---->\n    <div class=\"h-section-grid-container h-section-boxed-container\">\n      <!---->\n      <div data-colibri-id=\"109-c3\" class=\"h-row-container gutters-row-lg-0 gutters-row-md-0 gutters-row-0 gutters-row-v-lg-0 gutters-row-v-md-0 gutters-row-v-0 style-606 style-local-109-c3 position-relative\">\n        <!---->\n        <div class=\"h-row justify-content-lg-center justify-content-md-center justify-content-center align-items-lg-stretch align-items-md-stretch align-items-stretch gutters-col-lg-0 gutters-col-md-0 gutters-col-0 gutters-col-v-lg-0 gutters-col-v-md-0 gutters-col-v-0\">\n          <!---->\n          <div class=\"h-column h-column-container d-flex h-col-lg-auto h-col-md-auto h-col-auto style-607-outer style-local-109-c4-outer\">\n            <div data-colibri-id=\"109-c4\" class=\"d-flex h-flex-basis h-column__inner h-px-lg-0 h-px-md-0 h-px-0 v-inner-lg-0 v-inner-md-0 v-inner-0 style-607 style-local-109-c4 position-relative\">\n              <!---->\n              <!---->\n              <div class=\"w-100 h-y-container h-column__content h-column__v-align flex-basis-100 align-self-lg-start align-self-md-start align-self-start\">\n                <!---->\n                <div data-colibri-id=\"109-c5\" class=\"h-global-transition-all h-heading style-608 style-local-109-c5 position-relative h-element\">\n                  <!---->\n                  <!---->\n                  <h5 class=\"\">Directora Nacional del Ministerio Hijos de Pastores<\/h5>\n                <\/div>\n                <div data-colibri-id=\"109-c6\" class=\"h-global-transition-all h-heading style-609 style-local-109-c6 position-relative h-element\">\n                  <!---->\n                  <!---->\n                  <h2 class=\"\">Dinora Lisb\u00e9t Lorenzana Roca <\/h2>\n                <\/div>\n                <div data-colibri-id=\"109-c7\" class=\"h-text h-text-component style-610 style-local-109-c7 position-relative h-element\">\n                  <!---->\n                  <!---->\n                  <div class=\"\">\n                    <p><span style=\"font-family: Arial, sans-serif; font-size: 12pt;\">Naci\u00f3 el 02 de abril del a\u00f1o 1989, en el municipio de Pachalum, departamento del Quich\u00e9. Es hija del obispo Alcides Lorenzana y Ergida de Lorenzana. A sus 18 a\u00f1os culmin\u00f3 sus estudios en el lugar ya mencionado, gradu\u00e1ndose como Maestra de Educaci\u00f3n Primaria Biling\u00fce. Por varios a\u00f1os desempe\u00f1\u00f3 el cargo de maestra de ni\u00f1os en la escuela dominical de la Iglesia de Dios de la Profec\u00eda en Pachalum, Quich\u00e9, Guatemala. Estudi\u00f3 el diplomado en Liderazgo Juvenil avalado por la facultad de Teolog\u00eda de la Universidad Mariano G\u00e1lvez de Guatemala en coordinaci\u00f3n con el Ministerio de J\u00f3venes de la Iglesia de Dios de la Profec\u00eda en Guatemala. Adem\u00e1s, estudi\u00f3 el diplomado \u201cVivir Intencionalmente\u201d del programa Guatemala Pr\u00f3spera. Durante los a\u00f1os 2014 al 2018 culmin\u00f3 sus estudios en Psicolog\u00eda Cl\u00ednica. Actualmente es Directora Nacional del Ministerio de Hijos de Pastores.&nbsp;&nbsp;<\/span><\/p>\n                  <\/div>\n                <\/div>\n              <\/div>\n            <\/div>\n          <\/div>\n          <div class=\"h-column h-column-container d-flex h-col-lg-auto h-col-md-auto h-col-auto style-611-outer style-local-109-c8-outer\">\n            <div data-colibri-id=\"109-c8\" class=\"d-flex h-flex-basis h-column__inner h-ui-empty-state-container h-px-lg-2 h-px-md-2 h-px-2 v-inner-lg-2 v-inner-md-2 v-inner-2 style-611 style-local-109-c8 position-relative\">\n              <!---->\n              <!---->\n              <div class=\"w-100 h-y-container h-column__content h-column__v-align flex-basis-100\">\n                <!---->\n              <\/div>\n            <\/div>\n          <\/div>\n        <\/div>\n      <\/div>\n    <\/div>\n  <\/div>\n  <div data-colibri-component=\"section\" data-colibri-id=\"109-c9\" id=\"about-2\" class=\"h-section h-section-global-spacing d-flex align-items-lg-center align-items-md-center align-items-center style-612 style-local-109-c9 position-relative\">\n    <!---->\n    <!---->\n    <div class=\"h-section-grid-container h-section-boxed-container\">\n      <div data-colibri-id=\"109-c14\" class=\"h-row-container gutters-row-lg-2 gutters-row-md-2 gutters-row-2 gutters-row-v-lg-2 gutters-row-v-md-2 gutters-row-v-2 style-617 style-local-109-c14 position-relative\">\n        <!---->\n        <div class=\"h-row justify-content-lg-center justify-content-md-center justify-content-center align-items-lg-stretch align-items-md-stretch align-items-stretch gutters-col-lg-2 gutters-col-md-2 gutters-col-2 gutters-col-v-lg-2 gutters-col-v-md-2 gutters-col-v-2\">\n          <!---->\n          <div class=\"h-column h-column-container d-flex h-col-lg-auto h-col-md-auto h-col-auto style-618-outer style-local-109-c15-outer\">\n            <div data-colibri-id=\"109-c15\" class=\"d-flex h-flex-basis h-column__inner h-px-lg-2 h-px-md-2 h-px-2 v-inner-lg-2 v-inner-md-2 v-inner-2 style-618 style-local-109-c15 position-relative\">\n              <!---->\n              <!---->\n              <div class=\"w-100 h-y-container h-column__content h-column__v-align flex-basis-100 align-self-lg-center align-self-md-center align-self-center\">\n                <!---->\n                <div data-colibri-id=\"109-c17\" class=\"h-global-transition-all h-heading style-620 style-local-109-c17 position-relative h-element\">\n                  <!---->\n                  <!---->\n                  <h2 class=\"\">El Ministerio de Hijos de Pastores<\/h2>\n                <\/div>\n                <div data-colibri-id=\"109-c18\" class=\"h-lead h-text h-text-component style-621 style-local-109-c18 position-relative h-element\">\n                  <!---->\n                  <!---->\n                  <div class=\"\">\n                    <p><span style=\"font-size: 14pt; font-family: Cambria, serif;\">El ministerio de Hijos de Pastores fue creado con el prop\u00f3sito de atender las necesidades espirituales y b\u00edblicas, morales, sociales y emocionales; llevando a cabo diversas actividades, a nivel nacional, de \u00e1rea y distrito.<br><\/span>\n                      <strong\n                        style=\"font-size: 12pt; font-family: Arial, sans-serif;\">Directores de \u00e1rea<\/strong>\n                    <\/p>\n                    <p><strong style=\"font-size: 12pt; font-family: Arial, sans-serif;\">\u00c1rea 1 \u2013 <\/strong><\/p>\n                    <p><strong style=\"font-size: 12pt; font-family: Arial, sans-serif;\">\u00c1rea 3 \u2013 <\/strong><span style=\"font-size: 12pt; font-family: Arial, sans-serif;\">Dina Sagastume<\/span><\/p>\n                    <p><strong style=\"font-size: 12pt; font-family: Arial, sans-serif;\">\u00c1rea 4 \u2013 <\/strong><span style=\"font-size: 12pt; font-family: Arial, sans-serif;\">Sara Borjas<\/span><\/p>\n                    <p><strong style=\"font-size: 12pt; font-family: Arial, sans-serif;\">\u00c1rea 6 \u2013 <\/strong><span style=\"font-size: 12pt; font-family: Arial, sans-serif;\">David Agust\u00edn<\/span><\/p>\n                    <p><strong style=\"font-size: 12pt; font-family: Arial, sans-serif;\">\u00c1rea 8 \u2013 <\/strong><\/p>\n                    <p><strong style=\"font-size: 12pt; font-family: Arial, sans-serif;\">\u00c1rea 9 \u2013 <\/strong><span style=\"font-size: 12pt; font-family: Arial, sans-serif;\">Zury Montes<\/span><span style=\"font-size: 14pt; font-family: Cambria, serif;\"> <\/span><\/p>\n                  <\/div>\n                <\/div>\n              <\/div>\n            <\/div>\n          <\/div>\n        <\/div>\n      <\/div>\n      <div data-colibri-id=\"109-c10\" class=\"h-row-container gutters-row-lg-0 gutters-row-md-0 gutters-row-0 gutters-row-v-lg-0 gutters-row-v-md-0 gutters-row-v-0 style-613 style-local-109-c10 h-overflow-hidden position-relative\">\n        <!---->\n        <div class=\"h-row justify-content-lg-center justify-content-md-center justify-content-center align-items-lg-end align-items-md-end align-items-end gutters-col-lg-0 gutters-col-md-0 gutters-col-0 gutters-col-v-lg-0 gutters-col-v-md-0 gutters-col-v-0\">\n          <!---->\n          <div class=\"h-column h-column-container d-flex h-col-lg-auto h-col-md-auto h-col-auto align-self-lg-end align-self-md-end align-self-end style-614-outer style-local-109-c11-outer\">\n            <div data-colibri-id=\"109-c11\" class=\"d-flex h-flex-basis h-column__inner h-ui-empty-state-container h-px-lg-0 h-px-md-0 h-px-0 v-inner-lg-0 v-inner-md-0 v-inner-0 style-614 style-local-109-c11 position-relative\">\n              <!---->\n              <!---->\n              <div class=\"w-100 h-y-container h-column__content h-column__v-align flex-basis-100\">\n                <!---->\n              <\/div>\n            <\/div>\n          <\/div>\n          <div class=\"h-column h-column-container d-flex h-col-lg-auto h-col-md-auto h-col-auto align-self-lg-end align-self-md-end align-self-end style-615-outer style-local-109-c12-outer\">\n            <div data-colibri-id=\"109-c12\" class=\"d-flex h-flex-basis h-column__inner h-ui-empty-state-container h-px-lg-0 h-px-md-0 h-px-0 v-inner-lg-0 v-inner-md-0 v-inner-0 style-615 style-local-109-c12 position-relative\">\n              <!---->\n              <!---->\n              <div class=\"w-100 h-y-container h-column__content h-column__v-align flex-basis-100\">\n                <!---->\n              <\/div>\n            <\/div>\n          <\/div>\n        <\/div>\n      <\/div>\n    <\/div>\n  <\/div>\n<\/div>","protected":false},"excerpt":{"rendered":"<p>Directora Nacional del Ministerio Hijos de Pastores Dinora Lisb\u00e9t Lorenzana Roca Naci\u00f3 el 02 de abril del a\u00f1o 1989, en el municipio de Pachalum, departamento del Quich\u00e9. Es hija del obispo Alcides Lorenzana y Ergida de Lorenzana. A sus 18 a\u00f1os culmin\u00f3 sus estudios en el lugar ya mencionado, gradu\u00e1ndose como Maestra de Educaci\u00f3n Primaria [&hellip;]<\/p>\n","protected":false},"author":2,"featured_media":0,"parent":47,"menu_order":7,"comment_status":"closed","ping_status":"closed","template":"page-templates\/full-width-page.php","meta":{"footnotes":""},"jetpack_sharing_enabled":true,"_links":{"self":[{"href":"https:\/\/idpguate.com\/index.php?rest_route=\/wp\/v2\/pages\/109"}],"collection":[{"href":"https:\/\/idpguate.com\/index.php?rest_route=\/wp\/v2\/pages"}],"about":[{"href":"https:\/\/idpguate.com\/index.php?rest_route=\/wp\/v2\/types\/page"}],"author":[{"embeddable":true,"href":"https:\/\/idpguate.com\/index.php?rest_route=\/wp\/v2\/users\/2"}],"replies":[{"embeddable":true,"href":"https:\/\/idpguate.com\/index.php?rest_route=%2Fwp%2Fv2%2Fcomments&post=109"}],"version-history":[{"count":2,"href":"https:\/\/idpguate.com\/index.php?rest_route=\/wp\/v2\/pages\/109\/revisions"}],"predecessor-version":[{"id":501,"href":"https:\/\/idpguate.com\/index.php?rest_route=\/wp\/v2\/pages\/109\/revisions\/501"}],"up":[{"embeddable":true,"href":"https:\/\/idpguate.com\/index.php?rest_route=\/wp\/v2\/pages\/47"}],"wp:attachment":[{"href":"https:\/\/idpguate.com\/index.php?rest_route=%2Fwp%2Fv2%2Fmedia&parent=109"}],"curies":[{"name":"wp","href":"https:\/\/api.w.org\/{rel}","templated":true}]}}