{"id":107,"date":"2020-03-02T20:28:24","date_gmt":"2020-03-02T20:28:24","guid":{"rendered":"http:\/\/idpguate.com\/?page_id=107"},"modified":"2020-03-11T19:07:29","modified_gmt":"2020-03-11T19:07:29","slug":"ministerio-de-perlas-preciosas","status":"publish","type":"page","link":"https:\/\/idpguate.com\/?page_id=107","title":{"rendered":"Ministerio de Perlas Preciosas"},"content":{"rendered":"<div data-colibri-id=\"107-c1\" class=\"style-580 style-local-107-c1 position-relative\">\n  <!---->\n  <div data-colibri-component=\"section\" data-colibri-id=\"107-c2\" id=\"about\" class=\"h-section h-section-global-spacing d-flex align-items-lg-center align-items-md-center align-items-center style-581 style-local-107-c2 position-relative\">\n    <!---->\n    <!---->\n    <div class=\"h-section-grid-container h-section-boxed-container\">\n      <!---->\n      <div data-colibri-id=\"107-c3\" class=\"h-row-container gutters-row-lg-0 gutters-row-md-0 gutters-row-0 gutters-row-v-lg-0 gutters-row-v-md-0 gutters-row-v-0 style-582 style-local-107-c3 position-relative\">\n        <!---->\n        <div class=\"h-row justify-content-lg-center justify-content-md-center justify-content-center align-items-lg-stretch align-items-md-stretch align-items-stretch gutters-col-lg-0 gutters-col-md-0 gutters-col-0 gutters-col-v-lg-0 gutters-col-v-md-0 gutters-col-v-0\">\n          <!---->\n          <div class=\"h-column h-column-container d-flex h-col-lg-auto h-col-md-auto h-col-auto style-583-outer style-local-107-c4-outer\">\n            <div data-colibri-id=\"107-c4\" class=\"d-flex h-flex-basis h-column__inner h-px-lg-0 h-px-md-0 h-px-0 v-inner-lg-0 v-inner-md-0 v-inner-0 style-583 style-local-107-c4 position-relative\">\n              <!---->\n              <!---->\n              <div class=\"w-100 h-y-container h-column__content h-column__v-align flex-basis-100 align-self-lg-start align-self-md-start align-self-start\">\n                <!---->\n                <div data-colibri-id=\"107-c5\" class=\"h-global-transition-all h-heading style-584 style-local-107-c5 position-relative h-element\">\n                  <!---->\n                  <!---->\n                  <h5 class=\"\">Directora Nacional de Perlas Preciosas<\/h5>\n                <\/div>\n                <div data-colibri-id=\"107-c6\" class=\"h-global-transition-all h-heading style-585 style-local-107-c6 position-relative h-element\">\n                  <!---->\n                  <!---->\n                  <h2 class=\"\">Ergida Roca Soto de Lorenzana <\/h2>\n                <\/div>\n                <div data-colibri-id=\"107-c7\" class=\"h-text h-text-component style-586 style-local-107-c7 position-relative h-element\">\n                  <!---->\n                  <!---->\n                  <div class=\"\">\n                    <p><span style=\"font-family: Arial, sans-serif; font-size: 12pt;\">Naci\u00f3 en aldea El Cimarr\u00f3n, municipio de Pachalum, departamento de Quich\u00e9, el d\u00eda 28 de octubre de 1965. En su juventud sirvi\u00f3 en el ministerio como maestra de ni\u00f1os de escuela dominical, luego como l\u00edder de j\u00f3venes en la Iglesia de Dios de la Profec\u00eda en aldea El Cimarr\u00f3n. Contrajo matrimonio con el Obispo Alcides Lorenzana el 13 de junio del a\u00f1o 1986, con quien tiene dos hijas; Dinora y Merary Lorenzana. Estudi\u00f3 el diplomado \u201cVivir Intencionalmente\u201d del programa Guatemala Pr\u00f3spera. &nbsp;Ha desempe\u00f1ado el cargo de L\u00edder de Damas, l\u00edder de c\u00e9lula, Directora de \u00e1rea del ministerio Perlas Preciosas (esposas de pastores), trabajando actualmente a nivel nacional con dicho Ministerio.&nbsp;&nbsp;<\/span><\/p>\n                  <\/div>\n                <\/div>\n              <\/div>\n            <\/div>\n          <\/div>\n          <div class=\"h-column h-column-container d-flex h-col-lg-auto h-col-md-auto h-col-auto style-587-outer style-local-107-c8-outer\">\n            <div data-colibri-id=\"107-c8\" class=\"d-flex h-flex-basis h-column__inner h-ui-empty-state-container h-px-lg-2 h-px-md-2 h-px-2 v-inner-lg-2 v-inner-md-2 v-inner-2 style-587 style-local-107-c8 position-relative\">\n              <!---->\n              <!---->\n              <div class=\"w-100 h-y-container h-column__content h-column__v-align flex-basis-100\">\n                <!---->\n              <\/div>\n            <\/div>\n          <\/div>\n        <\/div>\n      <\/div>\n    <\/div>\n  <\/div>\n  <div data-colibri-component=\"section\" data-colibri-id=\"107-c9\" id=\"team\" class=\"h-section h-section-global-spacing d-flex align-items-lg-center align-items-md-center align-items-center style-588 style-local-107-c9 position-relative\">\n    <!---->\n    <!---->\n    <div class=\"h-section-grid-container h-section-boxed-container\">\n      <div data-colibri-id=\"107-c39\" class=\"h-row-container gutters-row-lg-2 gutters-row-md-2 gutters-row-2 gutters-row-v-lg-2 gutters-row-v-md-2 gutters-row-v-2 style-600 style-local-107-c39 position-relative\">\n        <!---->\n        <div class=\"h-row justify-content-lg-center justify-content-md-center justify-content-center align-items-lg-stretch align-items-md-stretch align-items-stretch gutters-col-lg-2 gutters-col-md-2 gutters-col-2 gutters-col-v-lg-2 gutters-col-v-md-2 gutters-col-v-2\">\n          <!---->\n          <div class=\"h-column h-column-container d-flex h-col-lg-auto h-col-md-auto h-col-auto style-601-outer style-local-107-c40-outer\">\n            <div data-colibri-id=\"107-c40\" class=\"d-flex h-flex-basis h-column__inner h-px-lg-2 h-px-md-2 h-px-2 v-inner-lg-2 v-inner-md-2 v-inner-2 style-601 style-local-107-c40 position-relative\">\n              <!---->\n              <!---->\n              <div class=\"w-100 h-y-container h-column__content h-column__v-align flex-basis-100 align-self-lg-start align-self-md-start align-self-start\">\n                <!---->\n                <div data-colibri-id=\"107-c41\" class=\"h-global-transition-all h-heading style-602 style-local-107-c41 position-relative h-element\">\n                  <!---->\n                  <!---->\n                  <h2 class=\"\">Directiva Nacional de Perlas Preciosas<\/h2>\n                <\/div>\n                <div data-colibri-id=\"107-c42\" class=\"h-lead h-text h-text-component style-603 style-local-107-c42 position-relative h-element\">\n                  <!---->\n                  <!---->\n                  <div class=\"\">\n                    <p><strong style=\"font-size: 12pt; font-family: Arial, sans-serif;\">Directoras de \u00c1rea<\/strong><\/p>\n                    <p><span style=\"font-size: 12pt; font-family: Arial, sans-serif;\">\u00c1rea 1-Dora Requena<\/span><\/p>\n                    <p><span style=\"font-size: 12pt; font-family: Arial, sans-serif;\">\u00c1rea 2-Maribel Reyes<\/span><\/p>\n                    <p><span style=\"font-size: 12pt; font-family: Arial, sans-serif;\">\u00c1rea 3-Karen Herrera<\/span><\/p>\n                    <p><span style=\"font-size: 12pt; font-family: Arial, sans-serif;\">\u00c1rea 4-Leticia de P\u00e9rez<\/span><\/p>\n                    <p><span style=\"font-size: 12pt; font-family: Arial, sans-serif;\">\u00c1rea 5-Norma Acevedo<\/span><\/p>\n                    <p><span style=\"font-size: 12pt; font-family: Arial, sans-serif;\">\u00c1rea 6-Enelda Sosa<\/span><\/p>\n                    <p><span style=\"font-size: 12pt; font-family: Arial, sans-serif;\">\u00c1rea 7-Berta de J\u00e1come<\/span><\/p>\n                    <p><span style=\"font-size: 12pt; font-family: Arial, sans-serif;\">\u00c1rea 8-Clara de Ju\u00e1rez<\/span><\/p>\n                    <p><span style=\"font-size: 12pt; font-family: Arial, sans-serif;\">\u00c1rea 9-Olga Castillo<\/span><\/p>\n                    <p><span style=\"font-size: 12pt; font-family: Arial, sans-serif;\">\u00c1rea 10-Odilia Xeron<\/span><\/p>\n                    <p><span style=\"font-size: 12pt; font-family: Arial, sans-serif;\">\u00c1rea 11-Sonia de Mart\u00ednez<\/span><\/p>\n                    <p><span style=\"font-size: 12pt; font-family: Arial, sans-serif;\">\u00c1rea 12-Paola Ort\u00edz<\/span><\/p>\n                  <\/div>\n                <\/div>\n              <\/div>\n            <\/div>\n          <\/div>\n        <\/div>\n      <\/div>\n      <div data-colibri-id=\"107-c10\" class=\"h-row-container gutters-row-lg-2 gutters-row-md-2 gutters-row-2 gutters-row-v-lg-2 gutters-row-v-md-2 gutters-row-v-2 style-589 style-local-107-c10 position-relative\">\n        <!---->\n        <div class=\"h-row justify-content-lg-center justify-content-md-center justify-content-center align-items-lg-stretch align-items-md-stretch align-items-stretch gutters-col-lg-2 gutters-col-md-2 gutters-col-2 gutters-col-v-lg-2 gutters-col-v-md-2 gutters-col-v-2\">\n          <!---->\n          <div class=\"h-column h-column-container d-flex h-col-lg-3 h-col-md-6 h-col-12 style-590-outer style-local-107-c11-outer\">\n            <div data-colibri-id=\"107-c11\" class=\"d-flex h-flex-basis h-column__inner h-px-lg-0 h-px-md-0 h-px-0 v-inner-lg-0 v-inner-md-0 v-inner-0 style-590 style-local-107-c11 position-relative\">\n              <!---->\n              <!---->\n              <div class=\"w-100 h-y-container h-column__content h-column__v-align flex-basis-100 align-self-lg-start align-self-md-start align-self-start\">\n                <!---->\n                <div data-colibri-id=\"107-c12\" class=\"d-block style-591 style-local-107-c12 position-relative h-element\">\n                  <!---->\n                  <div class=\"h-image__frame-container-outer\">\n                    <div class=\"h-image__frame-container\">\n                      <!---->\n                      <!---->\n                      <img loading=\"lazy\" decoding=\"async\" width=\"1040\" height=\"780\" src=\"http:\/\/idpguate.com\/wp-content\/uploads\/2020\/03\/cropped-perlas1.jpg\" class=\"wp-image-475 style-591-image style-local-107-c12-image\" alt=\"\" srcset=\"https:\/\/idpguate.com\/wp-content\/uploads\/2020\/03\/cropped-perlas1.jpg 1040w, https:\/\/idpguate.com\/wp-content\/uploads\/2020\/03\/cropped-perlas1-300x225.jpg 300w, https:\/\/idpguate.com\/wp-content\/uploads\/2020\/03\/cropped-perlas1-1024x768.jpg 1024w, https:\/\/idpguate.com\/wp-content\/uploads\/2020\/03\/cropped-perlas1-768x576.jpg 768w\" sizes=\"(max-width: 1040px) 100vw, 1040px\" \/>\n                      <div class=\"h-image__frame h-hide-lg h-hide-md h-hide-sm style-591-frameImage style-local-107-c12-frameImage\"><\/div>\n                    <\/div>\n                  <\/div>\n                <\/div>\n                <div data-colibri-id=\"107-c13\" class=\"h-row-container gutters-row-lg-0 gutters-row-md-0 gutters-row-0 gutters-row-v-lg-0 gutters-row-v-md-0 gutters-row-v-0 style-592 style-local-107-c13 position-relative\">\n                  <!---->\n                  <div class=\"h-row justify-content-lg-center justify-content-md-center justify-content-center align-items-lg-stretch align-items-md-stretch align-items-stretch gutters-col-lg-0 gutters-col-md-0 gutters-col-0 gutters-col-v-lg-0 gutters-col-v-md-0 gutters-col-v-0\">\n                    <!---->\n                    <div class=\"h-column h-column-container d-flex h-col-lg-auto h-col-md-auto h-col-auto style-593-outer style-local-107-c14-outer\">\n                      <div data-colibri-id=\"107-c14\" class=\"d-flex h-flex-basis h-column__inner h-ui-empty-state-container h-px-lg-2 h-px-md-2 h-px-2 v-inner-lg-2 v-inner-md-2 v-inner-2 style-593 style-local-107-c14 position-relative\">\n                        <!---->\n                        <!---->\n                        <div class=\"w-100 h-y-container h-column__content h-column__v-align flex-basis-100\">\n                          <!---->\n                        <\/div>\n                      <\/div>\n                    <\/div>\n                  <\/div>\n                <\/div>\n              <\/div>\n            <\/div>\n          <\/div>\n          <div class=\"h-column h-column-container d-flex h-col-lg-3 h-col-md-6 h-col-12 style-590-outer style-local-107-c18-outer\">\n            <div data-colibri-id=\"107-c18\" class=\"d-flex h-flex-basis h-column__inner h-px-lg-0 h-px-md-0 h-px-0 v-inner-lg-0 v-inner-md-0 v-inner-0 style-590 style-local-107-c18 position-relative\">\n              <!---->\n              <!---->\n              <div class=\"w-100 h-y-container h-column__content h-column__v-align flex-basis-100 align-self-lg-start align-self-md-start align-self-start\">\n                <!---->\n                <div data-colibri-id=\"107-c19\" class=\"d-block style-591 style-local-107-c19 position-relative h-element\">\n                  <!---->\n                  <div class=\"h-image__frame-container-outer\">\n                    <div class=\"h-image__frame-container\">\n                      <!---->\n                      <!---->\n                      <img loading=\"lazy\" decoding=\"async\" width=\"780\" height=\"780\" src=\"http:\/\/idpguate.com\/wp-content\/uploads\/2020\/03\/cropped-perlas2.jpg\" class=\"wp-image-476 style-591-image style-local-107-c19-image\" alt=\"\" srcset=\"https:\/\/idpguate.com\/wp-content\/uploads\/2020\/03\/cropped-perlas2.jpg 780w, https:\/\/idpguate.com\/wp-content\/uploads\/2020\/03\/cropped-perlas2-300x300.jpg 300w, https:\/\/idpguate.com\/wp-content\/uploads\/2020\/03\/cropped-perlas2-150x150.jpg 150w, https:\/\/idpguate.com\/wp-content\/uploads\/2020\/03\/cropped-perlas2-768x768.jpg 768w\" sizes=\"(max-width: 780px) 100vw, 780px\" \/>\n                      <div class=\"h-image__frame h-hide-lg h-hide-md h-hide-sm style-591-frameImage style-local-107-c19-frameImage\"><\/div>\n                    <\/div>\n                  <\/div>\n                <\/div>\n                <div data-colibri-id=\"107-c20\" class=\"h-row-container gutters-row-lg-0 gutters-row-md-0 gutters-row-0 gutters-row-v-lg-0 gutters-row-v-md-0 gutters-row-v-0 style-592 style-local-107-c20 position-relative\">\n                  <!---->\n                  <div class=\"h-row justify-content-lg-center justify-content-md-center justify-content-center align-items-lg-stretch align-items-md-stretch align-items-stretch gutters-col-lg-0 gutters-col-md-0 gutters-col-0 gutters-col-v-lg-0 gutters-col-v-md-0 gutters-col-v-0\">\n                    <!---->\n                    <div class=\"h-column h-column-container d-flex h-col-lg-auto h-col-md-auto h-col-auto style-593-outer style-local-107-c21-outer\">\n                      <div data-colibri-id=\"107-c21\" class=\"d-flex h-flex-basis h-column__inner h-ui-empty-state-container h-px-lg-2 h-px-md-2 h-px-2 v-inner-lg-2 v-inner-md-2 v-inner-2 style-593 style-local-107-c21 position-relative\">\n                        <!---->\n                        <!---->\n                        <div class=\"w-100 h-y-container h-column__content h-column__v-align flex-basis-100\">\n                          <!---->\n                        <\/div>\n                      <\/div>\n                    <\/div>\n                  <\/div>\n                <\/div>\n              <\/div>\n            <\/div>\n          <\/div>\n          <div class=\"h-column h-column-container d-flex h-col-lg-3 h-col-md-6 h-col-12 style-590-outer style-local-107-c25-outer\">\n            <div data-colibri-id=\"107-c25\" class=\"d-flex h-flex-basis h-column__inner h-px-lg-0 h-px-md-0 h-px-0 v-inner-lg-0 v-inner-md-0 v-inner-0 style-590 style-local-107-c25 position-relative\">\n              <!---->\n              <!---->\n              <div class=\"w-100 h-y-container h-column__content h-column__v-align flex-basis-100 align-self-lg-start align-self-md-start align-self-start\">\n                <!---->\n                <div data-colibri-id=\"107-c26\" class=\"d-block style-591 style-local-107-c26 position-relative h-element\">\n                  <!---->\n                  <div class=\"h-image__frame-container-outer\">\n                    <div class=\"h-image__frame-container\">\n                      <!---->\n                      <!---->\n                      <img loading=\"lazy\" decoding=\"async\" width=\"780\" height=\"780\" src=\"http:\/\/idpguate.com\/wp-content\/uploads\/2020\/03\/cropped-perlas3.jpg\" class=\"wp-image-477 style-591-image style-local-107-c26-image\" alt=\"\" srcset=\"https:\/\/idpguate.com\/wp-content\/uploads\/2020\/03\/cropped-perlas3.jpg 780w, https:\/\/idpguate.com\/wp-content\/uploads\/2020\/03\/cropped-perlas3-300x300.jpg 300w, https:\/\/idpguate.com\/wp-content\/uploads\/2020\/03\/cropped-perlas3-150x150.jpg 150w, https:\/\/idpguate.com\/wp-content\/uploads\/2020\/03\/cropped-perlas3-768x768.jpg 768w\" sizes=\"(max-width: 780px) 100vw, 780px\" \/>\n                      <div class=\"h-image__frame h-hide-lg h-hide-md h-hide-sm style-591-frameImage style-local-107-c26-frameImage\"><\/div>\n                    <\/div>\n                  <\/div>\n                <\/div>\n                <div data-colibri-id=\"107-c27\" class=\"h-row-container gutters-row-lg-0 gutters-row-md-0 gutters-row-0 gutters-row-v-lg-0 gutters-row-v-md-0 gutters-row-v-0 style-592 style-local-107-c27 position-relative\">\n                  <!---->\n                  <div class=\"h-row justify-content-lg-center justify-content-md-center justify-content-center align-items-lg-stretch align-items-md-stretch align-items-stretch gutters-col-lg-0 gutters-col-md-0 gutters-col-0 gutters-col-v-lg-0 gutters-col-v-md-0 gutters-col-v-0\">\n                    <!---->\n                    <div class=\"h-column h-column-container d-flex h-col-lg-auto h-col-md-auto h-col-auto style-593-outer style-local-107-c28-outer\">\n                      <div data-colibri-id=\"107-c28\" class=\"d-flex h-flex-basis h-column__inner h-ui-empty-state-container h-px-lg-2 h-px-md-2 h-px-2 v-inner-lg-2 v-inner-md-2 v-inner-2 style-593 style-local-107-c28 position-relative\">\n                        <!---->\n                        <!---->\n                        <div class=\"w-100 h-y-container h-column__content h-column__v-align flex-basis-100\">\n                          <!---->\n                        <\/div>\n                      <\/div>\n                    <\/div>\n                  <\/div>\n                <\/div>\n              <\/div>\n            <\/div>\n          <\/div>\n        <\/div>\n      <\/div>\n    <\/div>\n  <\/div>\n<\/div>","protected":false},"excerpt":{"rendered":"<p>Directora Nacional de Perlas Preciosas Ergida Roca Soto de Lorenzana Naci\u00f3 en aldea El Cimarr\u00f3n, municipio de Pachalum, departamento de Quich\u00e9, el d\u00eda 28 de octubre de 1965. En su juventud sirvi\u00f3 en el ministerio como maestra de ni\u00f1os de escuela dominical, luego como l\u00edder de j\u00f3venes en la Iglesia de Dios de la Profec\u00eda [&hellip;]<\/p>\n","protected":false},"author":2,"featured_media":0,"parent":47,"menu_order":6,"comment_status":"closed","ping_status":"closed","template":"page-templates\/full-width-page.php","meta":{"footnotes":""},"jetpack_sharing_enabled":true,"_links":{"self":[{"href":"https:\/\/idpguate.com\/index.php?rest_route=\/wp\/v2\/pages\/107"}],"collection":[{"href":"https:\/\/idpguate.com\/index.php?rest_route=\/wp\/v2\/pages"}],"about":[{"href":"https:\/\/idpguate.com\/index.php?rest_route=\/wp\/v2\/types\/page"}],"author":[{"embeddable":true,"href":"https:\/\/idpguate.com\/index.php?rest_route=\/wp\/v2\/users\/2"}],"replies":[{"embeddable":true,"href":"https:\/\/idpguate.com\/index.php?rest_route=%2Fwp%2Fv2%2Fcomments&post=107"}],"version-history":[{"count":2,"href":"https:\/\/idpguate.com\/index.php?rest_route=\/wp\/v2\/pages\/107\/revisions"}],"predecessor-version":[{"id":479,"href":"https:\/\/idpguate.com\/index.php?rest_route=\/wp\/v2\/pages\/107\/revisions\/479"}],"up":[{"embeddable":true,"href":"https:\/\/idpguate.com\/index.php?rest_route=\/wp\/v2\/pages\/47"}],"wp:attachment":[{"href":"https:\/\/idpguate.com\/index.php?rest_route=%2Fwp%2Fv2%2Fmedia&parent=107"}],"curies":[{"name":"wp","href":"https:\/\/api.w.org\/{rel}","templated":true}]}}