{"id":103,"date":"2020-03-02T20:27:58","date_gmt":"2020-03-02T20:27:58","guid":{"rendered":"http:\/\/idpguate.com\/?page_id=103"},"modified":"2020-03-18T14:54:21","modified_gmt":"2020-03-18T14:54:21","slug":"ministerio-de-caballeros","status":"publish","type":"page","link":"https:\/\/idpguate.com\/?page_id=103","title":{"rendered":"Ministerio de Caballeros"},"content":{"rendered":"<div data-colibri-id=\"103-c1\" class=\"style-720 style-local-103-c1 position-relative\">\n  <!---->\n  <div data-colibri-component=\"section\" data-colibri-id=\"103-c6\" id=\"about\" class=\"h-section h-section-global-spacing d-flex align-items-lg-center align-items-md-center align-items-center style-725 style-local-103-c6 position-relative\">\n    <!---->\n    <!---->\n    <div class=\"h-section-grid-container h-section-boxed-container\">\n      <!---->\n      <div data-colibri-id=\"103-c7\" class=\"h-row-container gutters-row-lg-0 gutters-row-md-0 gutters-row-0 gutters-row-v-lg-0 gutters-row-v-md-0 gutters-row-v-0 style-726 style-local-103-c7 position-relative\">\n        <!---->\n        <div class=\"h-row justify-content-lg-center justify-content-md-center justify-content-center align-items-lg-stretch align-items-md-stretch align-items-stretch gutters-col-lg-0 gutters-col-md-0 gutters-col-0 gutters-col-v-lg-0 gutters-col-v-md-0 gutters-col-v-0\">\n          <!---->\n          <div class=\"h-column h-column-container d-flex h-col-lg-auto h-col-md-auto h-col-auto style-727-outer style-local-103-c8-outer\">\n            <div data-colibri-id=\"103-c8\" class=\"d-flex h-flex-basis h-column__inner h-px-lg-0 h-px-md-0 h-px-0 v-inner-lg-0 v-inner-md-0 v-inner-0 style-727 style-local-103-c8 position-relative\">\n              <!---->\n              <!---->\n              <div class=\"w-100 h-y-container h-column__content h-column__v-align flex-basis-100 align-self-lg-start align-self-md-start align-self-start\">\n                <!---->\n                <div data-colibri-id=\"103-c9\" class=\"h-global-transition-all h-heading style-728 style-local-103-c9 position-relative h-element\">\n                  <!---->\n                  <!---->\n                  <h5 class=\"\">DIRECTOR NACIONAL DE CABALLEROS<\/h5>\n                <\/div>\n                <div data-colibri-id=\"103-c10\" class=\"h-global-transition-all h-heading style-729 style-local-103-c10 position-relative h-element\">\n                  <!---->\n                  <!---->\n                  <h2 class=\"\">ERNESTO ROLANDO ELLIS<\/h2>\n                <\/div>\n                <div data-colibri-id=\"103-c11\" class=\"h-text h-text-component style-730 style-local-103-c11 position-relative h-element\">\n                  <!---->\n                  <!---->\n                  <div class=\"\">\n                    <p>Fue nombrado como Director Nacional del Ministerio de Caballeros en la Convenci\u00f3n del 2018.<\/p>\n                    <p>Es oriundo de Quirigu\u00e1, Los amantes, Izabal casado con Gloria Izabel Casasola Padilla, procrearon 2 hijas: Xiomara Elvira y Devora, actualmente tiene 2 nietos: Kathia y Andr\u00e9.<\/p>\n                    <p>Trabaj\u00f3 como enfermero durante 36 a\u00f1os en el IGSS. Desde su juventud fue miembro de la Iglesia de Dios de la Profec\u00eda, desempe\u00f1\u00f3 cargos nacionales como Director de J\u00f3venes, Director de AMIP y ha sido pastor durante m\u00e1s de 30 a\u00f1os.\n                      Supervis\u00f3 el \u00e1rea Central y Sur-Occidente del pa\u00eds, fue ordenado Obispo de la Iglesia en la Convenci\u00f3n del 2018 y actualmente es Supervisor de Distrito del \u00c1rea 9.<\/p>\n                    <p>Obtuvo su licenciatura y maestr\u00eda en Estudios Teol\u00f3gicos.<\/p>\n                  <\/div>\n                <\/div>\n              <\/div>\n            <\/div>\n          <\/div>\n          <div class=\"h-column h-column-container d-flex h-col-lg-auto h-col-md-auto h-col-auto style-731-outer style-local-103-c12-outer\">\n            <div data-colibri-id=\"103-c12\" class=\"d-flex h-flex-basis h-column__inner h-ui-empty-state-container h-px-lg-2 h-px-md-2 h-px-2 v-inner-lg-2 v-inner-md-2 v-inner-2 style-731 style-local-103-c12 position-relative\">\n              <!---->\n              <!---->\n              <div class=\"w-100 h-y-container h-column__content h-column__v-align flex-basis-100\">\n                <!---->\n              <\/div>\n            <\/div>\n          <\/div>\n        <\/div>\n      <\/div>\n      <div data-colibri-id=\"103-c13\" class=\"h-row-container gutters-row-lg-2 gutters-row-md-2 gutters-row-0 gutters-row-v-lg-2 gutters-row-v-md-2 gutters-row-v-2 style-732 style-local-103-c13 position-relative\">\n        <!---->\n        <div class=\"h-row justify-content-lg-center justify-content-md-center justify-content-center align-items-lg-stretch align-items-md-stretch align-items-stretch gutters-col-lg-2 gutters-col-md-2 gutters-col-0 gutters-col-v-lg-2 gutters-col-v-md-2 gutters-col-v-2\">\n          <!---->\n          <div class=\"h-column h-column-container d-flex h-col-lg-auto h-col-md-auto h-col-auto style-733-outer style-local-103-c14-outer\">\n            <div data-colibri-id=\"103-c14\" class=\"d-flex h-flex-basis h-column__inner h-px-lg-2 h-px-md-2 h-px-2 v-inner-lg-2 v-inner-md-2 v-inner-2 style-733 style-local-103-c14 position-relative\">\n              <!---->\n              <!---->\n              <div class=\"w-100 h-y-container h-column__content h-column__v-align flex-basis-100 align-self-lg-start align-self-md-start align-self-start\">\n                <!---->\n                <div data-colibri-id=\"103-c15\" class=\"d-block style-734 style-local-103-c15 position-relative h-element\">\n                  <!---->\n                  <div class=\"h-image__frame-container-outer\">\n                    <div class=\"h-image__frame-container\">\n                      <!---->\n                      <!---->\n                      <img loading=\"lazy\" decoding=\"async\" width=\"720\" height=\"720\" src=\"http:\/\/idpguate.com\/wp-content\/uploads\/2020\/03\/cropped-Ellis.jpg\" class=\"wp-image-564 style-734-image style-local-103-c15-image\" alt=\"\" srcset=\"https:\/\/idpguate.com\/wp-content\/uploads\/2020\/03\/cropped-Ellis.jpg 720w, https:\/\/idpguate.com\/wp-content\/uploads\/2020\/03\/cropped-Ellis-300x300.jpg 300w, https:\/\/idpguate.com\/wp-content\/uploads\/2020\/03\/cropped-Ellis-150x150.jpg 150w\" sizes=\"(max-width: 720px) 100vw, 720px\" \/>\n                      <div class=\"h-image__frame h-hide-lg h-hide-md h-hide-sm style-734-frameImage style-local-103-c15-frameImage\"><\/div>\n                    <\/div>\n                  <\/div>\n                <\/div>\n              <\/div>\n            <\/div>\n          <\/div>\n        <\/div>\n      <\/div>\n    <\/div>\n  <\/div>\n<\/div>","protected":false},"excerpt":{"rendered":"<p>DIRECTOR NACIONAL DE CABALLEROS ERNESTO ROLANDO ELLIS Fue nombrado como Director Nacional del Ministerio de Caballeros en la Convenci\u00f3n del 2018. Es oriundo de Quirigu\u00e1, Los amantes, Izabal casado con Gloria Izabel Casasola Padilla, procrearon 2 hijas: Xiomara Elvira y Devora, actualmente tiene 2 nietos: Kathia y Andr\u00e9. Trabaj\u00f3 como enfermero durante 36 a\u00f1os en [&hellip;]<\/p>\n","protected":false},"author":2,"featured_media":0,"parent":47,"menu_order":4,"comment_status":"closed","ping_status":"closed","template":"page-templates\/full-width-page.php","meta":{"footnotes":""},"jetpack_sharing_enabled":true,"_links":{"self":[{"href":"https:\/\/idpguate.com\/index.php?rest_route=\/wp\/v2\/pages\/103"}],"collection":[{"href":"https:\/\/idpguate.com\/index.php?rest_route=\/wp\/v2\/pages"}],"about":[{"href":"https:\/\/idpguate.com\/index.php?rest_route=\/wp\/v2\/types\/page"}],"author":[{"embeddable":true,"href":"https:\/\/idpguate.com\/index.php?rest_route=\/wp\/v2\/users\/2"}],"replies":[{"embeddable":true,"href":"https:\/\/idpguate.com\/index.php?rest_route=%2Fwp%2Fv2%2Fcomments&post=103"}],"version-history":[{"count":4,"href":"https:\/\/idpguate.com\/index.php?rest_route=\/wp\/v2\/pages\/103\/revisions"}],"predecessor-version":[{"id":566,"href":"https:\/\/idpguate.com\/index.php?rest_route=\/wp\/v2\/pages\/103\/revisions\/566"}],"up":[{"embeddable":true,"href":"https:\/\/idpguate.com\/index.php?rest_route=\/wp\/v2\/pages\/47"}],"wp:attachment":[{"href":"https:\/\/idpguate.com\/index.php?rest_route=%2Fwp%2Fv2%2Fmedia&parent=103"}],"curies":[{"name":"wp","href":"https:\/\/api.w.org\/{rel}","templated":true}]}}