{"id":101,"date":"2020-03-02T20:27:47","date_gmt":"2020-03-02T20:27:47","guid":{"rendered":"http:\/\/idpguate.com\/?page_id=101"},"modified":"2020-03-11T20:02:44","modified_gmt":"2020-03-11T20:02:44","slug":"ministerio-de-damas","status":"publish","type":"page","link":"https:\/\/idpguate.com\/?page_id=101","title":{"rendered":"Ministerio de Damas"},"content":{"rendered":"<div data-colibri-id=\"101-c1\" class=\"style-487 style-local-101-c1 position-relative\">\n  <!---->\n  <div data-colibri-component=\"section\" data-colibri-id=\"101-c2\" id=\"about\" class=\"h-section h-section-global-spacing d-flex align-items-lg-center align-items-md-center align-items-center style-488 style-local-101-c2 position-relative\">\n    <!---->\n    <!---->\n    <div class=\"h-section-grid-container h-section-boxed-container\">\n      <!---->\n      <div data-colibri-id=\"101-c3\" class=\"h-row-container gutters-row-lg-2 gutters-row-md-2 gutters-row-0 gutters-row-v-lg-2 gutters-row-v-md-2 gutters-row-v-2 style-489 style-local-101-c3 position-relative\">\n        <!---->\n        <div class=\"h-row justify-content-lg-center justify-content-md-center justify-content-center align-items-lg-stretch align-items-md-stretch align-items-stretch gutters-col-lg-2 gutters-col-md-2 gutters-col-0 gutters-col-v-lg-2 gutters-col-v-md-2 gutters-col-v-2\">\n          <!---->\n          <div class=\"h-column h-column-container d-flex h-col-lg-auto h-col-md-auto h-col-auto style-490-outer style-local-101-c4-outer\">\n            <div data-colibri-id=\"101-c4\" class=\"d-flex h-flex-basis h-column__inner h-px-lg-2 h-px-md-2 h-px-2 v-inner-lg-2 v-inner-md-2 v-inner-2 style-490 style-local-101-c4 position-relative\">\n              <!---->\n              <!---->\n              <div class=\"w-100 h-y-container h-column__content h-column__v-align flex-basis-100 align-self-lg-start align-self-md-start align-self-start\">\n                <!---->\n                <div data-colibri-id=\"101-c5\" class=\"h-global-transition-all h-heading style-491 style-local-101-c5 position-relative h-element\">\n                  <!---->\n                  <!---->\n                  <h1 class=\"\">Directora Nacional de Damas<\/h1>\n                <\/div>\n                <div data-colibri-id=\"101-c6\" class=\"h-global-transition-all h-heading style-492 style-local-101-c6 position-relative h-element\">\n                  <!---->\n                  <!---->\n                  <h1 class=\"\">Ruth Nohem\u00ed J\u00e1come Montoya<\/h1>\n                <\/div>\n                <div data-colibri-id=\"101-c7\" class=\"h-text h-text-component style-493 style-local-101-c7 position-relative h-element\">\n                  <!---->\n                  <!---->\n                  <div class=\"\">\n                    <p>Naci\u00f3 el 2 de mayo de 1978 en Ipala, Chiquimula (Guatemala). Es Hija de los pastores, Francisco Antonio J\u00e1come Mel\u00e9ndez&nbsp;y Berta Mar\u00eda Montoya Duarte. La Guiaron desde su ni\u00f1ez a trabajar en la obra del se\u00f1or. A la edad de 12 a\u00f1os\n                      en el a\u00f1o (1990) fue bautizada en agua. Y a sus 14 a\u00f1os ya se encontraba encargada del cuidado pastoral.<\/p>\n                    <p>A sus 15 a\u00f1os pudo asistir a una convenci\u00f3n de j\u00f3venes en Monserrat, fue bautizada en el Esp\u00edritu Santo y donde su deseo era ser evangelista.&nbsp;Trabaj\u00f3 con el con el Ministerio de J\u00f3venes como secretaria , Estuvo a cargo de la tesorer\u00eda\n                      de la Escuela Dominical, Adem\u00e1s fue Directora de Damas a nivel local y a nivel de \u00c1rea. Actualmente es la Directora Nacional de Damas de la iglesia de Dios de la Profec\u00eda Universal.\n                      <br>Contrajo Matrimonio en el a\u00f1o (1998) &nbsp;con Jorge Jer\u00f3nimo Tzoc Mej\u00eda y tiene dos hijos y una hija.<\/p>\n                  <\/div>\n                <\/div>\n              <\/div>\n            <\/div>\n          <\/div>\n          <div class=\"h-column h-column-container d-flex h-col-lg-auto h-col-md-auto h-col-auto style-496-outer style-local-101-c8-outer\">\n            <div data-colibri-id=\"101-c8\" class=\"d-flex h-flex-basis h-column__inner h-px-lg-2 h-px-md-2 h-px-2 v-inner-lg-2 v-inner-md-2 v-inner-2 style-496 style-local-101-c8 position-relative\">\n              <!---->\n              <!---->\n              <div class=\"w-100 h-y-container h-column__content h-column__v-align flex-basis-100 align-self-lg-start align-self-md-start align-self-start\">\n                <!---->\n                <div data-colibri-id=\"101-c9\" class=\"d-block style-497 style-local-101-c9 position-relative h-element\">\n                  <!---->\n                  <div class=\"h-image__frame-container-outer\">\n                    <div class=\"h-image__frame-container\">\n                      <!---->\n                      <!---->\n                      <img loading=\"lazy\" decoding=\"async\" width=\"254\" height=\"302\" src=\"http:\/\/idpguate.com\/wp-content\/uploads\/2020\/03\/cropped-RUTH-JACOME-1.png\" class=\"wp-image-423 style-497-image style-local-101-c9-image\" alt=\"\" srcset=\"https:\/\/idpguate.com\/wp-content\/uploads\/2020\/03\/cropped-RUTH-JACOME-1.png 254w, https:\/\/idpguate.com\/wp-content\/uploads\/2020\/03\/cropped-RUTH-JACOME-1-252x300.png 252w\" sizes=\"(max-width: 254px) 100vw, 254px\" \/>\n                      <div class=\"h-image__frame h-hide-lg h-hide-md h-hide-sm style-497-frameImage style-local-101-c9-frameImage\"><\/div>\n                    <\/div>\n                  <\/div>\n                <\/div>\n              <\/div>\n            <\/div>\n          <\/div>\n        <\/div>\n      <\/div>\n    <\/div>\n  <\/div>\n  <div data-colibri-component=\"section\" data-colibri-id=\"101-c10\" id=\"about-2\" class=\"h-section h-section-global-spacing d-flex align-items-lg-center align-items-md-center align-items-center style-624 style-local-101-c10 position-relative\">\n    <!---->\n    <!---->\n    <div class=\"h-section-grid-container h-section-boxed-container\">\n      <div data-colibri-id=\"101-c15\" class=\"h-row-container gutters-row-lg-2 gutters-row-md-2 gutters-row-2 gutters-row-v-lg-2 gutters-row-v-md-2 gutters-row-v-2 style-629 style-local-101-c15 position-relative\">\n        <!---->\n        <div class=\"h-row justify-content-lg-center justify-content-md-center justify-content-center align-items-lg-stretch align-items-md-stretch align-items-stretch gutters-col-lg-2 gutters-col-md-2 gutters-col-2 gutters-col-v-lg-2 gutters-col-v-md-2 gutters-col-v-2\">\n          <!---->\n          <div class=\"h-column h-column-container d-flex h-col-lg-auto h-col-md-auto h-col-auto style-630-outer style-local-101-c16-outer\">\n            <div data-colibri-id=\"101-c16\" class=\"d-flex h-flex-basis h-column__inner h-px-lg-2 h-px-md-2 h-px-2 v-inner-lg-2 v-inner-md-2 v-inner-2 style-630 style-local-101-c16 position-relative\">\n              <!---->\n              <!---->\n              <div class=\"w-100 h-y-container h-column__content h-column__v-align flex-basis-100 align-self-lg-start align-self-md-start align-self-start\">\n                <!---->\n                <div data-colibri-id=\"101-c18\" class=\"h-global-transition-all h-heading style-632 style-local-101-c18 position-relative h-element\">\n                  <!---->\n                  <!---->\n                  <h2 class=\"\">MINISTERIO DE DAMAS<\/h2>\n                <\/div>\n                <div data-colibri-id=\"101-c19\" class=\"h-lead h-text h-text-component style-633 style-local-101-c19 position-relative h-element\">\n                  <!---->\n                  <!---->\n                  <div class=\"\">\n                    <p>\n                      <br>\n                    <\/p>\n                    <h4>Directoras de \u00c1rea<\/h4>\n                    <p>&nbsp;1.&nbsp;&nbsp;&nbsp;&nbsp;&nbsp;Evelin Coro<\/p>\n                    <p>2.&nbsp;&nbsp;&nbsp;&nbsp;&nbsp;Dina Mart\u00ednez<\/p>\n                    <p>3.&nbsp;&nbsp;&nbsp;&nbsp;&nbsp;Dina Sagastume<\/p>\n                    <p>4.&nbsp;&nbsp;&nbsp;&nbsp;&nbsp;Sandra Cardona<\/p>\n                    <p>5.&nbsp;&nbsp;&nbsp;&nbsp;&nbsp;Miriam Guzm\u00e1n y Mari Mej\u00eda<\/p>\n                    <p>6.&nbsp;&nbsp;&nbsp;&nbsp;&nbsp;Lili Rivera<\/p>\n                    <p>7.&nbsp;&nbsp;&nbsp;&nbsp;&nbsp;Eva Lidia N\u00e1jera<\/p>\n                    <p>8.&nbsp;&nbsp;&nbsp;&nbsp;&nbsp;Carolina Rodr\u00edguez<\/p>\n                    <p>9.&nbsp;&nbsp;&nbsp;&nbsp;&nbsp;Juanita C\u00f3rdoba<\/p>\n                    <p>10.&nbsp;Silvia Zamora<\/p>\n                    <p>11.&nbsp;&nbsp;<\/p>\n                    <p>12.&nbsp;Norma de Garc\u00eda<\/p>\n                    <p>13.&nbsp;Odilse&nbsp;<\/p>\n                    <p>14.&nbsp;Endia Garc\u00eda<\/p>\n                    <p><span style=\"font-size: 12pt; font-family: Cambria, serif;\">&nbsp;&nbsp;&nbsp;&nbsp;&nbsp;&nbsp;&nbsp;&nbsp;&nbsp;&nbsp;&nbsp;<\/span><\/p>\n                  <\/div>\n                <\/div>\n              <\/div>\n            <\/div>\n          <\/div>\n        <\/div>\n      <\/div>\n      <div data-colibri-id=\"101-c11\" class=\"h-row-container gutters-row-lg-0 gutters-row-md-0 gutters-row-0 gutters-row-v-lg-0 gutters-row-v-md-0 gutters-row-v-0 style-625 style-local-101-c11 h-overflow-hidden position-relative\">\n        <!---->\n        <div class=\"h-row justify-content-lg-center justify-content-md-center justify-content-center align-items-lg-end align-items-md-end align-items-end gutters-col-lg-0 gutters-col-md-0 gutters-col-0 gutters-col-v-lg-0 gutters-col-v-md-0 gutters-col-v-0\">\n          <!---->\n          <div class=\"h-column h-column-container d-flex h-col-lg-auto h-col-md-auto h-col-auto align-self-lg-end align-self-md-end align-self-end style-626-outer style-local-101-c12-outer\">\n            <div data-colibri-id=\"101-c12\" class=\"d-flex h-flex-basis h-column__inner h-ui-empty-state-container h-px-lg-0 h-px-md-0 h-px-0 v-inner-lg-0 v-inner-md-0 v-inner-0 style-626 style-local-101-c12 position-relative\">\n              <!---->\n              <!---->\n              <div class=\"w-100 h-y-container h-column__content h-column__v-align flex-basis-100\">\n                <!---->\n              <\/div>\n            <\/div>\n          <\/div>\n          <div class=\"h-column h-column-container d-flex h-col-lg-auto h-col-md-auto h-col-auto align-self-lg-end align-self-md-end align-self-end style-627-outer style-local-101-c13-outer\">\n            <div data-colibri-id=\"101-c13\" class=\"d-flex h-flex-basis h-column__inner h-ui-empty-state-container h-px-lg-0 h-px-md-0 h-px-0 v-inner-lg-0 v-inner-md-0 v-inner-0 style-627 style-local-101-c13 position-relative\">\n              <!---->\n              <!---->\n              <div class=\"w-100 h-y-container h-column__content h-column__v-align flex-basis-100\">\n                <!---->\n              <\/div>\n            <\/div>\n          <\/div>\n          <div class=\"h-column h-column-container d-flex h-col-lg-auto h-col-md-auto h-col-auto align-self-lg-end align-self-md-end align-self-end style-628-outer style-local-101-c14-outer\">\n            <div data-colibri-id=\"101-c14\" class=\"d-flex h-flex-basis h-column__inner h-ui-empty-state-container h-px-lg-0 h-px-md-0 h-px-0 v-inner-lg-0 v-inner-md-0 v-inner-0 style-628 style-local-101-c14 position-relative\">\n              <!---->\n              <!---->\n              <div class=\"w-100 h-y-container h-column__content h-column__v-align flex-basis-100\">\n                <!---->\n              <\/div>\n            <\/div>\n          <\/div>\n        <\/div>\n      <\/div>\n    <\/div>\n  <\/div>\n  <div data-colibri-component=\"section\" data-colibri-id=\"101-c22\" id=\"custom\" class=\"h-section h-section-global-spacing d-flex align-items-lg-center align-items-md-center align-items-center style-636 style-local-101-c22 position-relative\">\n    <!---->\n    <!---->\n    <div class=\"h-section-grid-container h-section-boxed-container\">\n      <!---->\n      <div data-colibri-id=\"101-c31\" class=\"h-row-container gutters-row-lg-2 gutters-row-md-2 gutters-row-0 gutters-row-v-lg-2 gutters-row-v-md-2 gutters-row-v-2 style-644 style-local-101-c31 position-relative\">\n        <!---->\n        <div class=\"h-row justify-content-lg-center justify-content-md-center justify-content-center align-items-lg-stretch align-items-md-stretch align-items-stretch gutters-col-lg-2 gutters-col-md-2 gutters-col-0 gutters-col-v-lg-2 gutters-col-v-md-2 gutters-col-v-2\">\n          <!---->\n          <div class=\"h-column h-column-container d-flex h-col-lg-auto h-col-md-auto h-col-auto style-645-outer style-local-101-c32-outer\">\n            <div data-colibri-id=\"101-c32\" class=\"d-flex h-flex-basis h-column__inner h-px-lg-2 h-px-md-2 h-px-2 v-inner-lg-2 v-inner-md-2 v-inner-2 style-645 style-local-101-c32 position-relative\">\n              <!---->\n              <!---->\n              <div class=\"w-100 h-y-container h-column__content h-column__v-align flex-basis-100 align-self-lg-start align-self-md-start align-self-start\">\n                <!---->\n                <div data-colibri-id=\"101-c33\" class=\"h-text h-text-component style-646 style-local-101-c33 position-relative h-element\">\n                  <!---->\n                  <!---->\n                  <div class=\"\">\n                    <p>Descargue el plan del Ministerio Nacional de Damas 2020-2021<\/p>\n                  <\/div>\n                <\/div>\n              <\/div>\n            <\/div>\n          <\/div>\n        <\/div>\n      <\/div>\n      <div data-colibri-id=\"101-c23\" class=\"h-row-container gutters-row-lg-2 gutters-row-md-2 gutters-row-0 gutters-row-v-lg-2 gutters-row-v-md-2 gutters-row-v-2 style-637 style-local-101-c23 position-relative\">\n        <!---->\n        <div class=\"h-row justify-content-lg-center justify-content-md-center justify-content-center align-items-lg-stretch align-items-md-stretch align-items-stretch gutters-col-lg-2 gutters-col-md-2 gutters-col-0 gutters-col-v-lg-2 gutters-col-v-md-2 gutters-col-v-2\">\n          <!---->\n          <div class=\"h-column h-column-container d-flex h-col-lg-auto h-col-md-auto h-col-auto style-638-outer style-local-101-c24-outer\">\n            <div data-colibri-id=\"101-c24\" class=\"d-flex h-flex-basis h-column__inner h-px-lg-2 h-px-md-2 h-px-2 v-inner-lg-2 v-inner-md-2 v-inner-2 style-638 style-local-101-c24 position-relative\">\n              <!---->\n              <!---->\n              <div class=\"w-100 h-y-container h-column__content h-column__v-align flex-basis-100 align-self-lg-start align-self-md-start align-self-start\">\n                <!---->\n                <div data-colibri-id=\"101-c27\" class=\"h-x-container style-641 style-local-101-c27 position-relative h-element\">\n                  <!---->\n                  <div class=\"h-x-container-inner style-dynamic-101-c27-group style-641-spacing style-local-101-c27-spacing\"><span class=\"h-button__outer style-642-outer style-local-101-c28-outer d-inline-flex h-element\"><a h-use-smooth-scroll=\"true\" href=\"http:\/\/idpguate.com\/wp-content\/uploads\/2020\/03\/Programa-del-ministerio-d.-Damas-20-21-.pdf\"  data-colibri-id=\"101-c28\" class=\"d-flex w-100 align-items-center h-button justify-content-lg-center justify-content-md-center justify-content-center style-642 style-local-101-c28 position-relative\"><!----><!----> <span>Descargar archivo<\/span><\/a>\n                    <\/span>\n                  <\/div>\n                <\/div>\n              <\/div>\n            <\/div>\n          <\/div>\n        <\/div>\n      <\/div>\n    <\/div>\n  <\/div>\n<\/div>","protected":false},"excerpt":{"rendered":"<p>Directora Nacional de Damas Ruth Nohem\u00ed J\u00e1come Montoya Naci\u00f3 el 2 de mayo de 1978 en Ipala, Chiquimula (Guatemala). Es Hija de los pastores, Francisco Antonio J\u00e1come Mel\u00e9ndez&nbsp;y Berta Mar\u00eda Montoya Duarte. La Guiaron desde su ni\u00f1ez a trabajar en la obra del se\u00f1or. A la edad de 12 a\u00f1os en el a\u00f1o (1990) fue [&hellip;]<\/p>\n","protected":false},"author":2,"featured_media":0,"parent":47,"menu_order":3,"comment_status":"closed","ping_status":"closed","template":"page-templates\/full-width-page.php","meta":{"footnotes":""},"jetpack_sharing_enabled":true,"_links":{"self":[{"href":"https:\/\/idpguate.com\/index.php?rest_route=\/wp\/v2\/pages\/101"}],"collection":[{"href":"https:\/\/idpguate.com\/index.php?rest_route=\/wp\/v2\/pages"}],"about":[{"href":"https:\/\/idpguate.com\/index.php?rest_route=\/wp\/v2\/types\/page"}],"author":[{"embeddable":true,"href":"https:\/\/idpguate.com\/index.php?rest_route=\/wp\/v2\/users\/2"}],"replies":[{"embeddable":true,"href":"https:\/\/idpguate.com\/index.php?rest_route=%2Fwp%2Fv2%2Fcomments&post=101"}],"version-history":[{"count":4,"href":"https:\/\/idpguate.com\/index.php?rest_route=\/wp\/v2\/pages\/101\/revisions"}],"predecessor-version":[{"id":530,"href":"https:\/\/idpguate.com\/index.php?rest_route=\/wp\/v2\/pages\/101\/revisions\/530"}],"up":[{"embeddable":true,"href":"https:\/\/idpguate.com\/index.php?rest_route=\/wp\/v2\/pages\/47"}],"wp:attachment":[{"href":"https:\/\/idpguate.com\/index.php?rest_route=%2Fwp%2Fv2%2Fmedia&parent=101"}],"curies":[{"name":"wp","href":"https:\/\/api.w.org\/{rel}","templated":true}]}}